{"id":274,"date":"2022-12-24T15:09:51","date_gmt":"2022-12-24T14:09:51","guid":{"rendered":"https:\/\/www.hostinecutemplare.cz\/kontakt\/"},"modified":"2023-02-01T21:18:03","modified_gmt":"2023-02-01T20:18:03","slug":"kontakt","status":"publish","type":"page","link":"https:\/\/www.hostinecutemplare.cz\/de\/kontakt\/","title":{"rendered":"kontakt"},"content":{"rendered":"<p>[et_pb_section fb_built=&#8220;1&#8243; _builder_version=&#8220;4.19.4&#8243; _module_preset=&#8220;default&#8220; background_color=&#8220;#000000&#8243; global_colors_info=&#8220;{}&#8220; theme_builder_area=&#8220;post_content&#8220;][et_pb_row column_structure=&#8220;1_2,1_2&#8243; _builder_version=&#8220;4.19.4&#8243; _module_preset=&#8220;default&#8220; global_colors_info=&#8220;{}&#8220; theme_builder_area=&#8220;post_content&#8220;][et_pb_column type=&#8220;1_2&#8243; _builder_version=&#8220;4.19.4&#8243; _module_preset=&#8220;default&#8220; global_colors_info=&#8220;{}&#8220; theme_builder_area=&#8220;post_content&#8220;][et_pb_text _builder_version=&#8220;4.19.5&#8243; _module_preset=&#8220;default&#8220; global_colors_info=&#8220;{}&#8220; theme_builder_area=&#8220;post_content&#8220;]<\/p>\n<p><strong>Hostinec U Templ\u00e1\u0159e<\/strong><br \/>Masn\u00e1 17, Prag 1<\/p>\n<p><strong>T\u00e4glich ge\u00f6ffnet: <\/strong><\/p>\n<p><strong>Mo &#8211; Sa 10:00 &#8211; 24:00<br \/><\/strong><strong>So 10:00 &#8211; 22:30<\/strong><\/p>\n<p><span style=\"color: #ffffff;\"><a href=\"tel:+420222325296\">222 325 296<\/a><\/span><br \/><span style=\"color: #ffffff;\"><a href=\"mailto:info@amosrestaurant.cz\">info@amosrestaurant.cz<\/a><\/span><\/p>\n<p>Betreiber und verantwortlicher Manager:<br \/>Ji\u0159\u00ed Mikota<\/p>\n<p>ID: 03336425<\/p>\n<p>[\/et_pb_text][\/et_pb_column][et_pb_column type=&#8220;1_2&#8243; _builder_version=&#8220;4.19.4&#8243; _module_preset=&#8220;default&#8220; global_colors_info=&#8220;{}&#8220; theme_builder_area=&#8220;post_content&#8220;][et_pb_image src=&#8220;https:\/\/www.hostinecutemplare.cz\/wp-content\/uploads\/2022\/12\/amos-restaurant-08.jpg&#8220; title_text=&#8220;amos-restaurant-08&#8243; _builder_version=&#8220;4.19.4&#8243; _module_preset=&#8220;default&#8220; global_colors_info=&#8220;{}&#8220; theme_builder_area=&#8220;post_content&#8220;][\/et_pb_image][\/et_pb_column][\/et_pb_row][\/et_pb_section]<\/p>\n","protected":false},"excerpt":{"rendered":"<p>Hostinec U Templ\u00e1\u0159eMasn\u00e1 17, Prag 1 T\u00e4glich ge\u00f6ffnet: Mo &#8211; Sa 10:00 &#8211; 24:00So 10:00 &#8211; 22:30 222 325 296info@amosrestaurant.cz Betreiber und verantwortlicher Manager:Ji\u0159\u00ed Mikota ID: 03336425<\/p>\n","protected":false},"author":1,"featured_media":0,"parent":0,"menu_order":0,"comment_status":"closed","ping_status":"closed","template":"","meta":{"_et_pb_use_builder":"on","_et_pb_old_content":"","_et_gb_content_width":"","footnotes":""},"class_list":["post-274","page","type-page","status-publish","hentry"],"_links":{"self":[{"href":"https:\/\/www.hostinecutemplare.cz\/de\/wp-json\/wp\/v2\/pages\/274","targetHints":{"allow":["GET"]}}],"collection":[{"href":"https:\/\/www.hostinecutemplare.cz\/de\/wp-json\/wp\/v2\/pages"}],"about":[{"href":"https:\/\/www.hostinecutemplare.cz\/de\/wp-json\/wp\/v2\/types\/page"}],"author":[{"embeddable":true,"href":"https:\/\/www.hostinecutemplare.cz\/de\/wp-json\/wp\/v2\/users\/1"}],"replies":[{"embeddable":true,"href":"https:\/\/www.hostinecutemplare.cz\/de\/wp-json\/wp\/v2\/comments?post=274"}],"version-history":[{"count":4,"href":"https:\/\/www.hostinecutemplare.cz\/de\/wp-json\/wp\/v2\/pages\/274\/revisions"}],"predecessor-version":[{"id":661,"href":"https:\/\/www.hostinecutemplare.cz\/de\/wp-json\/wp\/v2\/pages\/274\/revisions\/661"}],"wp:attachment":[{"href":"https:\/\/www.hostinecutemplare.cz\/de\/wp-json\/wp\/v2\/media?parent=274"}],"curies":[{"name":"wp","href":"https:\/\/api.w.org\/{rel}","templated":true}]}}