{"id":282,"date":"2023-01-04T10:11:33","date_gmt":"2023-01-04T09:11:33","guid":{"rendered":"https:\/\/www.hostinecutemplare.cz\/jidelni-listek\/"},"modified":"2025-06-23T10:53:44","modified_gmt":"2025-06-23T08:53:44","slug":"jidelni-listek","status":"publish","type":"page","link":"https:\/\/www.hostinecutemplare.cz\/de\/jidelni-listek\/","title":{"rendered":"j\u00eddeln\u00ed l\u00edstek"},"content":{"rendered":"<p>[et_pb_section fb_built=&#8220;1&#8243; _builder_version=&#8220;4.19.4&#8243; _module_preset=&#8220;default&#8220; background_color=&#8220;#000000&#8243; global_colors_info=&#8220;{}&#8220; theme_builder_area=&#8220;post_content&#8220;][et_pb_row _builder_version=&#8220;4.19.4&#8243; _module_preset=&#8220;default&#8220; global_colors_info=&#8220;{}&#8220; theme_builder_area=&#8220;post_content&#8220;][et_pb_column type=&#8220;4_4&#8243; _builder_version=&#8220;4.19.4&#8243; _module_preset=&#8220;default&#8220; global_colors_info=&#8220;{}&#8220; theme_builder_area=&#8220;post_content&#8220;][et_pb_text _builder_version=&#8220;4.27.4&#8243; _module_preset=&#8220;default&#8220; global_colors_info=&#8220;{}&#8220; theme_builder_area=&#8220;post_content&#8220;]<\/p>\n<table width=\"800\" height=\"1207\" border=\"0\" cellpadding=\"10\" cellspacing=\"0\">\n<tbody>\n<tr style=\"height: 24px;\">\n<td width=\"60\" align=\"left\"><\/td>\n<td width=\"61\" align=\"right\"><\/td>\n<td width=\"493\" align=\"left\">KALTE SPEISEN<\/td>\n<td width=\"60\" align=\"right\"><\/td>\n<\/tr>\n<tr style=\"height: 24px;\">\n<td width=\"60\" align=\"right\" sdval=\"1\" sdnum=\"1033;\">1<\/td>\n<td align=\"right\">130 g<\/td>\n<td align=\"left\">Pikant eingelegter Hermel\u00edn<\/td>\n<td align=\"right\">109,-<\/td>\n<\/tr>\n<tr style=\"height: 24px;\">\n<td width=\"60\" align=\"right\" sdval=\"2\" sdnum=\"1033;\">2<\/td>\n<td align=\"right\">100 g<\/td>\n<td align=\"left\">Eingelegte W\u00fcrstchen mit Zwiebeln (1 St\u00fcck \u2013 ca. 150 g)<\/td>\n<td align=\"right\">49,-<\/td>\n<\/tr>\n<tr style=\"height: 48px;\">\n<td width=\"60\" align=\"right\" sdval=\"3\" sdnum=\"1033;\">3<\/td>\n<td align=\"right\">100 g<\/td>\n<td align=\"left\">Eingelegtes K\u00e4se-Mix (Bla\u0165\u00e1ck\u00e9 zlato, Olomouck\u00e9 Tvar\u016f\u017eky, Blauschimmelk\u00e4se, Knoblauch, Oliven)<\/td>\n<td align=\"right\">59,-<\/td>\n<\/tr>\n<tr style=\"height: 24px;\">\n<td width=\"60\" align=\"right\" sdval=\"4\" sdnum=\"1033;\">4<\/td>\n<td align=\"right\">150 g<\/td>\n<td align=\"left\">Tatar (mit 6 Scheiben Toastbrot)<\/td>\n<td align=\"right\">329,-<\/td>\n<\/tr>\n<tr style=\"height: 24px;\">\n<td width=\"60\" align=\"right\" sdval=\"5\" sdnum=\"1033;\">5<\/td>\n<td align=\"right\">1 St\u00fcck<\/td>\n<td align=\"left\">Brot<\/td>\n<td align=\"right\">5,-<\/td>\n<\/tr>\n<tr style=\"height: 48px;\">\n<td width=\"60\" align=\"left\"><\/td>\n<td align=\"right\"><\/td>\n<td align=\"left\">WARME SPEISEN<\/td>\n<td align=\"right\"><\/td>\n<\/tr>\n<tr style=\"height: 24px;\">\n<td width=\"60\" align=\"right\" sdval=\"6\" sdnum=\"1033;\">6<\/td>\n<td align=\"right\">140 g<\/td>\n<td align=\"left\">Gegrillte Paprikawurst mit Senf und cremigem Meerrettich<\/td>\n<td align=\"right\">109,-<\/td>\n<\/tr>\n<tr style=\"height: 48px;\">\n<td width=\"60\" align=\"right\" sdval=\"7\" sdnum=\"1033;\">7<\/td>\n<td align=\"right\">130 g<\/td>\n<td align=\"left\">Hausgemachtes Ger\u00e4uchertes mit Senf, cremigem Meerrettich und eingelegtem Gem\u00fcse<\/td>\n<td align=\"right\">109,-<\/td>\n<\/tr>\n<tr style=\"height: 24px;\">\n<td width=\"60\" align=\"right\" sdval=\"8\" sdnum=\"1033;\">8<\/td>\n<td align=\"right\">150 g<\/td>\n<td align=\"left\">Rindergulasch serviert im Ofenbrot<\/td>\n<td align=\"right\">319,-<\/td>\n<\/tr>\n<tr style=\"height: 24px;\">\n<td width=\"60\" align=\"right\" sdval=\"9\" sdnum=\"1033;\">9<\/td>\n<td align=\"right\">150 g<\/td>\n<td align=\"left\">Altstadt Rindergulasch mit Semmelkn\u00f6deln<\/td>\n<td align=\"right\">279,-<\/td>\n<\/tr>\n<tr style=\"height: 48px;\">\n<td width=\"60\" align=\"right\" sdval=\"10\" sdnum=\"1033;\">10<\/td>\n<td align=\"right\">150 g<\/td>\n<td align=\"left\">Lendenbraten in Sahneso\u00dfe mit Preiselbeeren, Semmelkn\u00f6deln und Karlsbader Kn\u00f6deln<\/td>\n<td align=\"right\">299,-<\/td>\n<\/tr>\n<tr style=\"height: 48px;\">\n<td width=\"60\" align=\"right\" sdval=\"11\" sdnum=\"1033;\">11<\/td>\n<td align=\"right\">\u00bc<\/td>\n<td align=\"left\">Confit-Ente mit Rotkohl und \u00c4pfeln, Variation von hausgemachten Kn\u00f6deln<\/td>\n<td align=\"right\">319,-<\/td>\n<\/tr>\n<tr style=\"height: 24px;\">\n<td width=\"60\" align=\"right\" sdval=\"12\" sdnum=\"1033;\">12<\/td>\n<td align=\"right\"><\/td>\n<td align=\"left\">Hausgemachte Kartoffelkn\u00f6del gef\u00fcllt mit Ger\u00e4uchertem, serviert mit Sauerkraut und gebratener Zwiebel<\/td>\n<td align=\"right\">265,-<\/td>\n<\/tr>\n<tr style=\"height: 48px;\">\n<td width=\"60\" align=\"right\" sdval=\"13\" sdnum=\"1033;\">13<\/td>\n<td align=\"right\">800 g<\/td>\n<td align=\"left\">Ger\u00e4ucherte Honigrippchen, serviert mit eingelegtem Gem\u00fcse, Senf und cremigem Meerrettich<\/td>\n<td align=\"right\">327,-<\/td>\n<\/tr>\n<tr style=\"height: 48px;\">\n<td width=\"60\" align=\"right\" sdval=\"14\" sdnum=\"1033;\">14<\/td>\n<td align=\"right\">1400 g<\/td>\n<td align=\"left\">Schweinehaxe im Dunkelbier gebacken, mit eingelegtem Gem\u00fcse, Senf und cremigem Meerrettich<\/td>\n<td align=\"right\">399,-<\/td>\n<\/tr>\n<tr style=\"height: 24px;\">\n<td width=\"60\" align=\"right\" sdval=\"15\" sdnum=\"1033;\">15<\/td>\n<td align=\"right\"><\/td>\n<td align=\"left\">Traditioneller tschechischer Hermel\u00edn, in Alufolie gegrillt, serviert mit Preiselbeeren und Bratkartoffeln<\/td>\n<td align=\"right\">243,-<\/td>\n<\/tr>\n<tr style=\"height: 24px;\">\n<td width=\"60\" align=\"right\" sdval=\"16\" sdnum=\"1033;\">16<\/td>\n<td align=\"right\">150 g<\/td>\n<td align=\"left\">Rindfleisch-Burger im Sesambr\u00f6tchen mit Eisbergsalat, Tomaten, karamellisierten roten Zwiebeln, Steak-Pommes und BBQ-Sauce<\/td>\n<td align=\"right\">279,-<\/td>\n<\/tr>\n<tr style=\"height: 24px;\">\n<td width=\"60\" align=\"right\" sdval=\"17\" sdnum=\"1033;\">17<\/td>\n<td align=\"right\">150 g<\/td>\n<td align=\"left\">Rindfleisch-Cheeseburger, serviert mit Steak-Pommes, frischem Salat, Cheddar, Tomaten, Zwiebeln und Mayonnaise<\/td>\n<td align=\"right\">289,-<\/td>\n<\/tr>\n<tr style=\"height: 24px;\">\n<td width=\"60\" align=\"right\" sdval=\"18\" sdnum=\"1033;\">18<\/td>\n<td align=\"right\">150 g<\/td>\n<td align=\"left\">Amerikanischer Bacon-Burger, serviert mit Steak-Pommes, Blattsalat, gegrilltem Speck, Cheddar, Tomaten, roten Zwiebeln und amerikanischem Dip<\/td>\n<td align=\"right\">299,-<\/td>\n<\/tr>\n<tr style=\"height: 24px;\">\n<td width=\"60\" align=\"right\" sdval=\"19\" sdnum=\"1033;\">19<\/td>\n<td align=\"right\">150 g<\/td>\n<td align=\"left\">Chicken Burger, serviert mit Steak-Pommes, gegrillte H\u00e4hnchenbrust, Blattsalat, Tomaten, Zwiebeln und Mayonnaise-Dip<\/td>\n<td align=\"right\">279,-<\/td>\n<\/tr>\n<\/tbody>\n<\/table>\n<p>[\/et_pb_text][\/et_pb_column][\/et_pb_row][\/et_pb_section]<\/p>\n","protected":false},"excerpt":{"rendered":"<p>KALTE SPEISEN 1 130 g Pikant eingelegter Hermel\u00edn 109,- 2 100 g Eingelegte W\u00fcrstchen mit Zwiebeln (1 St\u00fcck \u2013 ca. 150 g) 49,- 3 100 g Eingelegtes K\u00e4se-Mix (Bla\u0165\u00e1ck\u00e9 zlato, Olomouck\u00e9 Tvar\u016f\u017eky, Blauschimmelk\u00e4se, Knoblauch, Oliven) 59,- 4 150 g Tatar (mit 6 Scheiben Toastbrot) 329,- 5 1 St\u00fcck Brot 5,- WARME SPEISEN 6 140 g [&hellip;]<\/p>\n","protected":false},"author":1,"featured_media":0,"parent":0,"menu_order":0,"comment_status":"closed","ping_status":"closed","template":"","meta":{"_et_pb_use_builder":"on","_et_pb_old_content":"","_et_gb_content_width":"","footnotes":""},"class_list":["post-282","page","type-page","status-publish","hentry"],"_links":{"self":[{"href":"https:\/\/www.hostinecutemplare.cz\/de\/wp-json\/wp\/v2\/pages\/282","targetHints":{"allow":["GET"]}}],"collection":[{"href":"https:\/\/www.hostinecutemplare.cz\/de\/wp-json\/wp\/v2\/pages"}],"about":[{"href":"https:\/\/www.hostinecutemplare.cz\/de\/wp-json\/wp\/v2\/types\/page"}],"author":[{"embeddable":true,"href":"https:\/\/www.hostinecutemplare.cz\/de\/wp-json\/wp\/v2\/users\/1"}],"replies":[{"embeddable":true,"href":"https:\/\/www.hostinecutemplare.cz\/de\/wp-json\/wp\/v2\/comments?post=282"}],"version-history":[{"count":5,"href":"https:\/\/www.hostinecutemplare.cz\/de\/wp-json\/wp\/v2\/pages\/282\/revisions"}],"predecessor-version":[{"id":704,"href":"https:\/\/www.hostinecutemplare.cz\/de\/wp-json\/wp\/v2\/pages\/282\/revisions\/704"}],"wp:attachment":[{"href":"https:\/\/www.hostinecutemplare.cz\/de\/wp-json\/wp\/v2\/media?parent=282"}],"curies":[{"name":"wp","href":"https:\/\/api.w.org\/{rel}","templated":true}]}}