{"id":298,"date":"2023-01-04T10:11:12","date_gmt":"2023-01-04T09:11:12","guid":{"rendered":"https:\/\/www.hostinecutemplare.cz\/napojovy-listek\/"},"modified":"2025-06-29T21:07:25","modified_gmt":"2025-06-29T19:07:25","slug":"napojovy-listek","status":"publish","type":"page","link":"https:\/\/www.hostinecutemplare.cz\/de\/napojovy-listek\/","title":{"rendered":"n\u00e1pojov\u00fd l\u00edstek"},"content":{"rendered":"<p>[et_pb_section fb_built=&#8220;1&#8243; _builder_version=&#8220;4.19.4&#8243; _module_preset=&#8220;default&#8220; background_color=&#8220;#000000&#8243; global_colors_info=&#8220;{}&#8220; theme_builder_area=&#8220;post_content&#8220;][et_pb_row _builder_version=&#8220;4.19.4&#8243; _module_preset=&#8220;default&#8220; global_colors_info=&#8220;{}&#8220; theme_builder_area=&#8220;post_content&#8220;][et_pb_column type=&#8220;4_4&#8243; _builder_version=&#8220;4.19.4&#8243; _module_preset=&#8220;default&#8220; global_colors_info=&#8220;{}&#8220; theme_builder_area=&#8220;post_content&#8220;][et_pb_text _builder_version=&#8220;4.27.4&#8243; _module_preset=&#8220;default&#8220; hover_enabled=&#8220;0&#8243; global_colors_info=&#8220;{}&#8220; theme_builder_area=&#8220;post_content&#8220; sticky_enabled=&#8220;0&#8243;]<\/p>\n<table width=\"100%\" border=\"0\" cellpadding=\"3\" cellpacing=\"0\" style=\"width: 100%; height: 2112px;\">\n<tbody>\n<tr style=\"height: 24px;\">\n<td style=\"width: 69.9815%; height: 24px;\">LIK\u00d6RE UND DESTILLATE<\/td>\n<td style=\"width: 17.5417%; height: 24px;\"><\/td>\n<td style=\"height: 24px; width: 13.6196%;\"><\/td>\n<\/tr>\n<tr style=\"height: 24px;\">\n<td style=\"width: 69.9815%; height: 24px;\">KR\u00c4UTERLIK\u00d6RE<\/td>\n<td style=\"width: 17.5417%; height: 24px;\"><\/td>\n<td style=\"height: 24px; width: 13.6196%;\"><\/td>\n<\/tr>\n<tr style=\"height: 24px;\">\n<td style=\"width: 69.9815%; height: 24px;\">Fernet Stock Original<\/td>\n<td style=\"width: 17.5417%; height: 24px;\">0,04 l<\/td>\n<td style=\"height: 24px; width: 13.6196%;\">49,-<\/td>\n<\/tr>\n<tr style=\"height: 24px;\">\n<td style=\"width: 69.9815%; height: 24px;\">Fernet Stock Citrus<\/td>\n<td style=\"width: 17.5417%; height: 24px;\">0,04 l<\/td>\n<td style=\"height: 24px; width: 13.6196%;\">49,-<\/td>\n<\/tr>\n<tr style=\"height: 24px;\">\n<td style=\"width: 69.9815%; height: 24px;\">Becherovka, Zitrone<\/td>\n<td style=\"width: 17.5417%; height: 24px;\">0,04 l<\/td>\n<td style=\"height: 24px; width: 13.6196%;\">49,-<\/td>\n<\/tr>\n<tr style=\"height: 24px;\">\n<td style=\"width: 69.9815%; height: 24px;\">J\u00e4germeister<\/td>\n<td style=\"width: 17.5417%; height: 24px;\">0,04 l<\/td>\n<td style=\"height: 24px; width: 13.6196%;\">66,-<\/td>\n<\/tr>\n<tr style=\"height: 24px;\">\n<td style=\"width: 69.9815%; height: 24px;\">LIK\u00d6RE<\/td>\n<td style=\"width: 17.5417%; height: 24px;\"><\/td>\n<td style=\"height: 24px; width: 13.6196%;\"><\/td>\n<\/tr>\n<tr style=\"height: 24px;\">\n<td style=\"width: 69.9815%; height: 24px;\">Bo\u017ekov-Pfefferminze<\/td>\n<td style=\"width: 17.5417%; height: 24px;\">0,04 l<\/td>\n<td style=\"height: 24px; width: 13.6196%;\">45,-<\/td>\n<\/tr>\n<tr style=\"height: 24px;\">\n<td style=\"width: 69.9815%; height: 24px;\">Bo\u017ekov Griotte<\/td>\n<td style=\"width: 17.5417%; height: 24px;\">0,04 l<\/td>\n<td style=\"height: 24px; width: 13.6196%;\">45,-<\/td>\n<\/tr>\n<tr style=\"height: 24px;\">\n<td style=\"width: 69.9815%; height: 24px;\">Eierlik\u00f6r aus Bo\u017ekov<\/td>\n<td style=\"width: 17.5417%; height: 24px;\">0,04 l<\/td>\n<td style=\"height: 24px; width: 13.6196%;\">45,-<\/td>\n<\/tr>\n<tr style=\"height: 24px;\">\n<td style=\"width: 69.9815%; height: 24px;\">Berentzen-Apfel<\/td>\n<td style=\"width: 17.5417%; height: 24px;\">0,04 l<\/td>\n<td style=\"height: 24px; width: 13.6196%;\">45,-<\/td>\n<\/tr>\n<tr style=\"height: 24px;\">\n<td style=\"width: 69.9815%; height: 24px;\">WODKA<\/td>\n<td style=\"width: 17.5417%; height: 24px;\"><\/td>\n<td style=\"height: 24px; width: 13.6196%;\"><\/td>\n<\/tr>\n<tr style=\"height: 24px;\">\n<td style=\"width: 69.9815%; height: 24px;\">Amundsen Wodka<\/td>\n<td style=\"width: 17.5417%; height: 24px;\">0,04 l<\/td>\n<td style=\"height: 24px; width: 13.6196%;\">45,-<\/td>\n<\/tr>\n<tr style=\"height: 24px;\">\n<td style=\"width: 69.9815%; height: 24px;\">Absolut Wodka<\/td>\n<td style=\"width: 17.5417%; height: 24px;\">0,04 l<\/td>\n<td style=\"height: 24px; width: 13.6196%;\">59,-<\/td>\n<\/tr>\n<tr style=\"height: 24px;\">\n<td style=\"width: 69.9815%; height: 24px;\">Finnlandia Wodka<\/td>\n<td style=\"width: 17.5417%; height: 24px;\">0,04 l<\/td>\n<td style=\"height: 24px; width: 13.6196%;\">55,-<\/td>\n<\/tr>\n<tr style=\"height: 24px;\">\n<td style=\"width: 69.9815%; height: 24px;\">RUM \/ HAUSTISCH \/ GEW\u00dcRZT<\/td>\n<td style=\"width: 17.5417%; height: 24px;\"><\/td>\n<td style=\"height: 24px; width: 13.6196%;\"><\/td>\n<\/tr>\n<tr style=\"height: 24px;\">\n<td style=\"width: 69.9815%; height: 24px;\">Bo\u017ekov Original (Inland)<\/td>\n<td style=\"width: 17.5417%; height: 24px;\">0,04 l<\/td>\n<td style=\"height: 24px; width: 13.6196%;\">45,-<\/td>\n<\/tr>\n<tr style=\"height: 24px;\">\n<td style=\"width: 69.9815%; height: 24px;\">Captain Morgan Spiced<\/td>\n<td style=\"width: 17.5417%; height: 24px;\">0,04 l<\/td>\n<td style=\"height: 24px; width: 13.6196%;\">66,-<\/td>\n<\/tr>\n<tr style=\"height: 24px;\">\n<td style=\"width: 69.9815%; height: 24px;\">Bo\u017ekov Republica Exclusive<\/td>\n<td style=\"width: 17.5417%; height: 24px;\">0,04 l<\/td>\n<td style=\"height: 24px; width: 13.6196%;\">66,-<\/td>\n<\/tr>\n<tr style=\"height: 24px;\">\n<td style=\"width: 69.9815%; height: 24px;\">Pampero Aniversario<\/td>\n<td style=\"width: 17.5417%; height: 24px;\">0,04 l<\/td>\n<td style=\"height: 24px; width: 13.6196%;\">119,-<\/td>\n<\/tr>\n<tr style=\"height: 24px;\">\n<td style=\"width: 69.9815%; height: 24px;\">Ron Zacapa<\/td>\n<td style=\"width: 17.5417%; height: 24px;\">0,04 l<\/td>\n<td style=\"height: 24px; width: 13.6196%;\">139,-<\/td>\n<\/tr>\n<tr style=\"height: 24px;\">\n<td style=\"width: 69.9815%; height: 24px;\">Bacardi<\/td>\n<td style=\"width: 17.5417%; height: 24px;\">0,04 l<\/td>\n<td style=\"height: 24px; width: 13.6196%;\">66,-<\/td>\n<\/tr>\n<tr style=\"height: 24px;\">\n<td style=\"width: 69.9815%; height: 24px;\">ANDERE DESTILLATE<\/td>\n<td style=\"width: 17.5417%; height: 24px;\"><\/td>\n<td style=\"height: 24px; width: 13.6196%;\"><\/td>\n<\/tr>\n<tr style=\"height: 24px;\">\n<td style=\"width: 69.9815%; height: 24px;\">Tequila Sombrero Negro<\/td>\n<td style=\"width: 17.5417%; height: 24px;\">0,04 l<\/td>\n<td style=\"height: 24px; width: 13.6196%;\">69,-<\/td>\n<\/tr>\n<tr style=\"height: 24px;\">\n<td style=\"width: 69.9815%; height: 24px;\">Goldene Birne<\/td>\n<td style=\"width: 17.5417%; height: 24px;\">0,04 l<\/td>\n<td style=\"height: 24px; width: 13.6196%;\">55,-<\/td>\n<\/tr>\n<tr style=\"height: 24px;\">\n<td style=\"width: 69.9815%; height: 24px;\">Pflaumenwein<\/td>\n<td style=\"width: 17.5417%; height: 24px;\">0,04 l<\/td>\n<td style=\"height: 24px; width: 13.6196%;\">49,-<\/td>\n<\/tr>\n<tr style=\"height: 24px;\">\n<td style=\"width: 69.9815%; height: 24px;\">Spi\u0161ka-Kiefer<\/td>\n<td style=\"width: 17.5417%; height: 24px;\">0,04 l<\/td>\n<td style=\"height: 24px; width: 13.6196%;\">55,-<\/td>\n<\/tr>\n<tr style=\"height: 24px;\">\n<td style=\"width: 69.9815%; height: 24px;\">Gordons London Dry Gin<\/td>\n<td style=\"width: 17.5417%; height: 24px;\">0,04 l<\/td>\n<td style=\"height: 24px; width: 13.6196%;\">66,-<\/td>\n<\/tr>\n<tr style=\"height: 24px;\">\n<td style=\"width: 69.9815%; height: 24px;\">Absinth<\/td>\n<td style=\"width: 17.5417%; height: 24px;\">0,04 l<\/td>\n<td style=\"height: 24px; width: 13.6196%;\">89,-<\/td>\n<\/tr>\n<tr style=\"height: 24px;\">\n<td style=\"width: 69.9815%; height: 24px;\">BRANDY UND COGNAC<\/td>\n<td style=\"width: 17.5417%; height: 24px;\"><\/td>\n<td style=\"height: 24px; width: 13.6196%;\"><\/td>\n<\/tr>\n<tr style=\"height: 24px;\">\n<td style=\"width: 69.9815%; height: 24px;\">Alter J\u00e4ger<\/td>\n<td style=\"width: 17.5417%; height: 24px;\">0,04 l<\/td>\n<td style=\"height: 24px; width: 13.6196%;\">49,-<\/td>\n<\/tr>\n<tr style=\"height: 24px;\">\n<td style=\"width: 69.9815%; height: 24px;\">Metaxa *****<\/td>\n<td style=\"width: 17.5417%; height: 24px;\">0,04 l<\/td>\n<td style=\"height: 24px; width: 13.6196%;\">66,-<\/td>\n<\/tr>\n<tr style=\"height: 24px;\">\n<td style=\"width: 69.9815%; height: 24px;\">Hennessy<\/td>\n<td style=\"width: 17.5417%; height: 24px;\">0,04 l<\/td>\n<td style=\"height: 24px; width: 13.6196%;\">119,-<\/td>\n<\/tr>\n<tr style=\"height: 24px;\">\n<td style=\"width: 69.9815%; height: 24px;\">WHISKY UND BOURBON<\/td>\n<td style=\"width: 17.5417%; height: 24px;\"><\/td>\n<td style=\"height: 24px; width: 13.6196%;\"><\/td>\n<\/tr>\n<tr style=\"height: 24px;\">\n<td style=\"width: 69.9815%; height: 24px;\">WHISKY UND WHISKY<\/td>\n<td style=\"width: 17.5417%; height: 24px;\"><\/td>\n<td style=\"height: 24px; width: 13.6196%;\"><\/td>\n<\/tr>\n<tr style=\"height: 24px;\">\n<td style=\"width: 69.9815%; height: 24px;\">Rotes Etikett von Johnnie Walker<\/td>\n<td style=\"width: 17.5417%; height: 24px;\">0,04 l<\/td>\n<td style=\"height: 24px; width: 13.6196%;\">69,-<\/td>\n<\/tr>\n<tr style=\"height: 24px;\">\n<td style=\"width: 69.9815%; height: 24px;\">Chivas Regal 12 Jahre<\/td>\n<td style=\"width: 17.5417%; height: 24px;\">0,04 l<\/td>\n<td style=\"height: 24px; width: 13.6196%;\">99,-<\/td>\n<\/tr>\n<tr style=\"height: 24px;\">\n<td style=\"width: 69.9815%; height: 24px;\">Buschm\u00fchlen<\/td>\n<td style=\"width: 17.5417%; height: 24px;\">0,04 l<\/td>\n<td style=\"height: 24px; width: 13.6196%;\">69,-<\/td>\n<\/tr>\n<tr style=\"height: 24px;\">\n<td style=\"width: 69.9815%; height: 24px;\">Jameson<\/td>\n<td style=\"width: 17.5417%; height: 24px;\">0,04 l<\/td>\n<td style=\"height: 24px; width: 13.6196%;\">69,-<\/td>\n<\/tr>\n<tr style=\"height: 24px;\">\n<td style=\"width: 69.9815%; height: 24px;\">Tullamore Dew<\/td>\n<td style=\"width: 17.5417%; height: 24px;\">0,04 l<\/td>\n<td style=\"height: 24px; width: 13.6196%;\">69,-<\/td>\n<\/tr>\n<tr style=\"height: 24px;\">\n<td style=\"width: 69.9815%; height: 24px;\">BOURBON, WHISKY<\/td>\n<td style=\"width: 17.5417%; height: 24px;\"><\/td>\n<td style=\"height: 24px; width: 13.6196%;\"><\/td>\n<\/tr>\n<tr style=\"height: 24px;\">\n<td style=\"width: 69.9815%; height: 24px;\">Jim Beam<\/td>\n<td style=\"width: 17.5417%; height: 24px;\">0,04 l<\/td>\n<td style=\"height: 24px; width: 13.6196%;\">69,-<\/td>\n<\/tr>\n<tr style=\"height: 24px;\">\n<td style=\"width: 69.9815%; height: 24px;\">Jack Daniels<\/td>\n<td style=\"width: 17.5417%; height: 24px;\">0,04 l<\/td>\n<td style=\"height: 24px; width: 13.6196%;\">89,-<\/td>\n<\/tr>\n<tr style=\"height: 24px;\">\n<td style=\"width: 69.9815%; height: 24px;\">BIER<\/td>\n<td style=\"width: 17.5417%; height: 24px;\">0,3 l<\/td>\n<td style=\"height: 24px; width: 13.6196%;\"><\/td>\n<\/tr>\n<tr style=\"height: 24px;\">\n<td style=\"width: 69.9815%; height: 24px;\">DRAG BIER<\/td>\n<td style=\"width: 17.5417%; height: 24px;\">0,3 l<\/td>\n<td style=\"height: 24px; width: 13.6196%;\">0,5 l<\/td>\n<\/tr>\n<tr style=\"height: 24px;\">\n<td style=\"width: 69.9815%; height: 24px;\">Gambrinus unpasteurisiert 11\u00b0<\/td>\n<td style=\"width: 17.5417%; height: 24px;\">27,-<\/td>\n<td style=\"height: 24px; width: 13.6196%;\">49,-<\/td>\n<\/tr>\n<tr style=\"height: 24px;\">\n<td style=\"width: 69.9815%; height: 24px;\">Ziege 10\u00b0 dunkel<\/td>\n<td style=\"width: 17.5417%; height: 24px;\">27,-<\/td>\n<td style=\"height: 24px; width: 13.6196%;\">49,-<\/td>\n<\/tr>\n<tr style=\"height: 24px;\">\n<td style=\"width: 69.9815%; height: 24px;\">Pilsner Urquell<\/td>\n<td style=\"width: 17.5417%; height: 24px;\">35,-<\/td>\n<td style=\"height: 24px; width: 13.6196%;\">64,-<\/td>\n<\/tr>\n<tr style=\"height: 24px;\">\n<td style=\"width: 69.9815%; height: 24px;\">Birell Pampelmuse\/Traube<\/td>\n<td style=\"width: 17.5417%; height: 24px;\">0,33 l<\/td>\n<td style=\"height: 24px; width: 13.6196%;\">55,-<\/td>\n<\/tr>\n<tr style=\"height: 24px;\">\n<td style=\"width: 69.9815%; height: 24px;\">BIER<\/td>\n<td style=\"width: 17.5417%; height: 24px;\"><\/td>\n<td style=\"height: 24px; width: 13.6196%;\"><\/td>\n<\/tr>\n<tr style=\"height: 24px;\">\n<td style=\"width: 69.9815%; height: 24px;\">Birell, alkoholfrei<\/td>\n<td style=\"width: 17.5417%; height: 24px;\">0,5 l<\/td>\n<td style=\"height: 24px; width: 13.6196%;\">44,-<\/td>\n<\/tr>\n<tr style=\"height: 24px;\">\n<td style=\"width: 69.9815%; height: 24px;\">Kingswood Apfelwein<\/td>\n<td style=\"width: 17.5417%; height: 24px;\">0,4 l<\/td>\n<td style=\"height: 24px; width: 13.6196%;\">52,-<\/td>\n<\/tr>\n<tr style=\"height: 24px;\">\n<td style=\"width: 69.9815%; height: 24px;\">Frisco (Cranberry, Spritz)<\/td>\n<td style=\"width: 17.5417%; height: 24px;\">0,33 l<\/td>\n<td style=\"height: 24px; width: 13.6196%;\">50,-<\/td>\n<\/tr>\n<tr style=\"height: 24px;\">\n<td style=\"width: 69.9815%; height: 24px;\">ZUM PROBIEREN<\/td>\n<td style=\"width: 17.5417%; height: 24px;\"><\/td>\n<td style=\"height: 24px; width: 13.6196%;\"><\/td>\n<\/tr>\n<tr style=\"height: 24px;\">\n<td style=\"width: 69.9815%; height: 24px;\">Erdn\u00fcsse<\/td>\n<td style=\"width: 17.5417%; height: 24px;\">pc<\/td>\n<td style=\"height: 24px; width: 13.6196%;\">49,-<\/td>\n<\/tr>\n<tr style=\"height: 24px;\">\n<td style=\"width: 69.9815%; height: 24px;\">Burgbars<\/td>\n<td style=\"width: 17.5417%; height: 24px;\">Paket.<\/td>\n<td style=\"height: 24px; width: 13.6196%;\">49,-<\/td>\n<\/tr>\n<tr style=\"height: 24px;\">\n<td style=\"width: 69.9815%; height: 24px;\">Chips<\/td>\n<td style=\"width: 17.5417%; height: 24px;\">pc<\/td>\n<td style=\"height: 24px; width: 13.6196%;\">49,-<\/td>\n<\/tr>\n<tr style=\"height: 24px;\">\n<td style=\"width: 69.9815%; height: 24px;\">Zwiebelringe (Fr\u00fchlingszwiebel)<\/td>\n<td style=\"width: 17.5417%; height: 24px;\">pc<\/td>\n<td style=\"height: 24px; width: 13.6196%;\">49,-<\/td>\n<\/tr>\n<tr style=\"height: 24px;\">\n<td style=\"width: 69.9815%; height: 24px;\">WEIN, SEKT<\/td>\n<td style=\"width: 17.5417%; height: 24px;\"><\/td>\n<td style=\"height: 24px; width: 13.6196%;\"><\/td>\n<\/tr>\n<tr style=\"height: 24px;\">\n<td style=\"width: 69.9815%; height: 24px;\">WEIN<\/td>\n<td style=\"width: 17.5417%; height: 24px;\"><\/td>\n<td style=\"height: 24px; width: 13.6196%;\"><\/td>\n<\/tr>\n<tr style=\"height: 24px;\">\n<td style=\"width: 69.9815%; height: 24px;\">Gr\u00fcner Veltliner<\/td>\n<td style=\"width: 17.5417%; height: 24px;\">0,2 l<\/td>\n<td style=\"height: 24px; width: 13.6196%;\">58,-<\/td>\n<\/tr>\n<tr style=\"height: 24px;\">\n<td style=\"width: 69.9815%; height: 24px;\">Chardonnay<\/td>\n<td style=\"width: 17.5417%; height: 24px;\">0,2 l<\/td>\n<td style=\"height: 24px; width: 13.6196%;\">58,-<\/td>\n<\/tr>\n<tr style=\"height: 24px;\">\n<td style=\"width: 69.9815%; height: 24px;\">Blaues Portugal<\/td>\n<td style=\"width: 17.5417%; height: 24px;\">0,2 l<\/td>\n<td style=\"height: 24px; width: 13.6196%;\">58,-<\/td>\n<\/tr>\n<tr style=\"height: 24px;\">\n<td style=\"width: 69.9815%; height: 24px;\">Cabernet Sauvignon<\/td>\n<td style=\"width: 17.5417%; height: 24px;\">0,2 l<\/td>\n<td style=\"height: 24px; width: 13.6196%;\">58,-<\/td>\n<\/tr>\n<tr style=\"height: 24px;\">\n<td style=\"width: 69.9815%; height: 24px;\">Weitere Weine laut Weinkarte<\/td>\n<td style=\"width: 17.5417%; height: 24px;\"><\/td>\n<td style=\"height: 24px; width: 13.6196%;\"><\/td>\n<\/tr>\n<tr style=\"height: 24px;\">\n<td style=\"width: 69.9815%; height: 24px;\">SEKT, SEKT<\/td>\n<td style=\"width: 17.5417%; height: 24px;\"><\/td>\n<td style=\"height: 24px; width: 13.6196%;\"><\/td>\n<\/tr>\n<tr style=\"height: 24px;\">\n<td style=\"width: 69.9815%; height: 24px;\">Bohemia Demi Sec, Regia Brut<\/td>\n<td style=\"width: 17.5417%; height: 24px;\">0,75 l<\/td>\n<td style=\"height: 24px; width: 13.6196%;\">299,-<\/td>\n<\/tr>\n<tr style=\"height: 24px;\">\n<td style=\"width: 69.9815%; height: 24px;\">ALKOHOLFREIE GETR\u00c4NKE<\/td>\n<td style=\"width: 17.5417%; height: 24px;\"><\/td>\n<td style=\"height: 24px; width: 13.6196%;\"><\/td>\n<\/tr>\n<tr style=\"height: 24px;\">\n<td style=\"width: 69.9815%; height: 24px;\">Gerollte Himbeere<\/td>\n<td style=\"width: 17.5417%; height: 24px;\">0,3 l<\/td>\n<td style=\"height: 24px; width: 13.6196%;\">30,-<\/td>\n<\/tr>\n<tr style=\"height: 24px;\">\n<td style=\"width: 69.9815%; height: 24px;\">Gerollte Himbeere<\/td>\n<td style=\"width: 17.5417%; height: 24px;\">0,5 l<\/td>\n<td style=\"height: 24px; width: 13.6196%;\">49,-<\/td>\n<\/tr>\n<tr style=\"height: 24px;\">\n<td style=\"width: 69.9815%; height: 24px;\">Soda<\/td>\n<td style=\"width: 17.5417%; height: 24px;\">0,3 l<\/td>\n<td style=\"height: 24px; width: 13.6196%;\">33,-<\/td>\n<\/tr>\n<tr style=\"height: 24px;\">\n<td style=\"width: 69.9815%; height: 24px;\">Bonaqua immer noch<\/td>\n<td style=\"width: 17.5417%; height: 24px;\">0,25 l<\/td>\n<td style=\"height: 24px; width: 13.6196%;\">39,-<\/td>\n<\/tr>\n<tr style=\"height: 24px;\">\n<td style=\"width: 69.9815%; height: 24px;\">St\u00e4rkungsmittel<\/td>\n<td style=\"width: 17.5417%; height: 24px;\">0,25 l<\/td>\n<td style=\"height: 24px; width: 13.6196%;\">55,-<\/td>\n<\/tr>\n<tr style=\"height: 24px;\">\n<td style=\"width: 69.9815%; height: 24px;\">Coca-Cola<\/td>\n<td style=\"width: 17.5417%; height: 24px;\">0,3 l<\/td>\n<td style=\"height: 24px; width: 13.6196%;\">55,-<\/td>\n<\/tr>\n<tr style=\"height: 24px;\">\n<td style=\"width: 69.9815%; height: 24px;\">Coca-Cola Zero<\/td>\n<td style=\"width: 17.5417%; height: 24px;\">0,33 l<\/td>\n<td style=\"height: 24px; width: 13.6196%;\">55,-<\/td>\n<\/tr>\n<tr style=\"height: 24px;\">\n<td style=\"width: 69.9815%; height: 24px;\">Fanta<\/td>\n<td style=\"width: 17.5417%; height: 24px;\">0,3 l<\/td>\n<td style=\"height: 24px; width: 13.6196%;\">55,-<\/td>\n<\/tr>\n<tr style=\"height: 24px;\">\n<td style=\"width: 69.9815%; height: 24px;\">Sprite<\/td>\n<td style=\"width: 17.5417%; height: 24px;\">0,3 l<\/td>\n<td style=\"height: 24px; width: 13.6196%;\">55,-<\/td>\n<\/tr>\n<tr style=\"height: 24px;\">\n<td style=\"width: 69.9815%; height: 24px;\">Orangensaft<\/td>\n<td style=\"width: 17.5417%; height: 24px;\">0,3 l<\/td>\n<td style=\"height: 24px; width: 13.6196%;\">55,-<\/td>\n<\/tr>\n<tr style=\"height: 24px;\">\n<td style=\"width: 69.9815%; height: 24px;\">Red Bull<\/td>\n<td style=\"width: 17.5417%; height: 24px;\">0,25 l<\/td>\n<td style=\"height: 24px; width: 13.6196%;\">65,-<\/td>\n<\/tr>\n<tr style=\"height: 24px;\">\n<td style=\"width: 69.9815%; height: 24px;\">Monster<\/td>\n<td style=\"width: 17.5417%; height: 24px;\">0,5 l<\/td>\n<td style=\"height: 24px; width: 13.6196%;\">70,-<\/td>\n<\/tr>\n<tr style=\"height: 24px;\">\n<td style=\"width: 69.9815%; height: 24px;\">HEISSGETR\u00c4NKE<\/td>\n<td style=\"width: 17.5417%; height: 24px;\"><\/td>\n<td style=\"height: 24px; width: 13.6196%;\"><\/td>\n<\/tr>\n<tr style=\"height: 24px;\">\n<td style=\"width: 69.9815%; height: 24px;\">T\u00fcrkischer Kaffee<\/td>\n<td style=\"width: 17.5417%; height: 24px;\"><\/td>\n<td style=\"height: 24px; width: 13.6196%;\">45,-<\/td>\n<\/tr>\n<tr style=\"height: 24px;\">\n<td style=\"width: 69.9815%; height: 24px;\">Lavazza-Espressokaffee<\/td>\n<td style=\"width: 17.5417%; height: 24px;\"><\/td>\n<td style=\"height: 24px; width: 13.6196%;\">49,-<\/td>\n<\/tr>\n<tr style=\"height: 24px;\">\n<td style=\"width: 69.9815%; height: 24px;\">Creme<\/td>\n<td style=\"width: 17.5417%; height: 24px;\"><\/td>\n<td style=\"height: 24px; width: 13.6196%;\">6,-<\/td>\n<\/tr>\n<tr style=\"height: 24px;\">\n<td style=\"width: 69.9815%; height: 24px;\">Grog (4cl Rum)<\/td>\n<td style=\"width: 17.5417%; height: 24px;\"><\/td>\n<td style=\"height: 24px; width: 13.6196%;\">49,-<\/td>\n<\/tr>\n<tr style=\"height: 24px;\">\n<td style=\"width: 69.9815%; height: 24px;\">Earl Grey Tee<\/td>\n<td style=\"width: 17.5417%; height: 24px;\"><\/td>\n<td style=\"height: 24px; width: 13.6196%;\">45,-<\/td>\n<\/tr>\n<\/tbody>\n<\/table>\n<p>[\/et_pb_text][\/et_pb_column][\/et_pb_row][\/et_pb_section]<\/p>\n","protected":false},"excerpt":{"rendered":"<p>LIK\u00d6RE UND DESTILLATE KR\u00c4UTERLIK\u00d6RE Fernet Stock Original 0,04 l 49,- Fernet Stock Citrus 0,04 l 49,- Becherovka, Zitrone 0,04 l 49,- J\u00e4germeister 0,04 l 66,- LIK\u00d6RE Bo\u017ekov-Pfefferminze 0,04 l 45,- Bo\u017ekov Griotte 0,04 l 45,- Eierlik\u00f6r aus Bo\u017ekov 0,04 l 45,- Berentzen-Apfel 0,04 l 45,- WODKA Amundsen Wodka 0,04 l 45,- Absolut Wodka 0,04 l [&hellip;]<\/p>\n","protected":false},"author":1,"featured_media":0,"parent":0,"menu_order":0,"comment_status":"closed","ping_status":"closed","template":"","meta":{"_et_pb_use_builder":"on","_et_pb_old_content":"","_et_gb_content_width":"","footnotes":""},"class_list":["post-298","page","type-page","status-publish","hentry"],"_links":{"self":[{"href":"https:\/\/www.hostinecutemplare.cz\/de\/wp-json\/wp\/v2\/pages\/298","targetHints":{"allow":["GET"]}}],"collection":[{"href":"https:\/\/www.hostinecutemplare.cz\/de\/wp-json\/wp\/v2\/pages"}],"about":[{"href":"https:\/\/www.hostinecutemplare.cz\/de\/wp-json\/wp\/v2\/types\/page"}],"author":[{"embeddable":true,"href":"https:\/\/www.hostinecutemplare.cz\/de\/wp-json\/wp\/v2\/users\/1"}],"replies":[{"embeddable":true,"href":"https:\/\/www.hostinecutemplare.cz\/de\/wp-json\/wp\/v2\/comments?post=298"}],"version-history":[{"count":5,"href":"https:\/\/www.hostinecutemplare.cz\/de\/wp-json\/wp\/v2\/pages\/298\/revisions"}],"predecessor-version":[{"id":714,"href":"https:\/\/www.hostinecutemplare.cz\/de\/wp-json\/wp\/v2\/pages\/298\/revisions\/714"}],"wp:attachment":[{"href":"https:\/\/www.hostinecutemplare.cz\/de\/wp-json\/wp\/v2\/media?parent=298"}],"curies":[{"name":"wp","href":"https:\/\/api.w.org\/{rel}","templated":true}]}}