{"id":296,"date":"2023-01-04T10:11:12","date_gmt":"2023-01-04T09:11:12","guid":{"rendered":"https:\/\/www.hostinecutemplare.cz\/napojovy-listek\/"},"modified":"2025-06-29T21:09:48","modified_gmt":"2025-06-29T19:09:48","slug":"napojovy-listek","status":"publish","type":"page","link":"https:\/\/www.hostinecutemplare.cz\/en\/napojovy-listek\/","title":{"rendered":"n\u00e1pojov\u00fd l\u00edstek"},"content":{"rendered":"<p>[et_pb_section fb_built=&#8221;1&#8243; _builder_version=&#8221;4.19.4&#8243; _module_preset=&#8221;default&#8221; background_color=&#8221;#000000&#8243; global_colors_info=&#8221;{}&#8221; theme_builder_area=&#8221;post_content&#8221;][et_pb_row _builder_version=&#8221;4.19.4&#8243; _module_preset=&#8221;default&#8221; global_colors_info=&#8221;{}&#8221; theme_builder_area=&#8221;post_content&#8221;][et_pb_column type=&#8221;4_4&#8243; _builder_version=&#8221;4.19.4&#8243; _module_preset=&#8221;default&#8221; global_colors_info=&#8221;{}&#8221; theme_builder_area=&#8221;post_content&#8221;][et_pb_text _builder_version=&#8221;4.27.4&#8243; _module_preset=&#8221;default&#8221; hover_enabled=&#8221;0&#8243; global_colors_info=&#8221;{}&#8221; theme_builder_area=&#8221;post_content&#8221; sticky_enabled=&#8221;0&#8243;]<\/p>\n<table width=\"100%\" border=\"0\" cellpadding=\"3\" cellspacing=\"0\" style=\"width: 100%;\">\n<tbody>\n<tr>\n<td style=\"width: 73.2249%;\">LIQUORS AND DISTILLATES<\/td>\n<td style=\"width: 14.645%;\"><\/td>\n<td style=\"height: 24px; width: 13.6196%;\"><\/td>\n<\/tr>\n<tr>\n<td style=\"width: 73.2249%;\">HERBAL LIQUORS<\/td>\n<td style=\"width: 14.645%;\"><\/td>\n<td style=\"height: 24px; width: 13.6196%;\"><\/td>\n<\/tr>\n<tr>\n<td style=\"width: 73.2249%;\">Fernet Stock Original<\/td>\n<td style=\"width: 14.645%;\">0.04 l<\/td>\n<td style=\"height: 24px; width: 13.6196%;\">49,-<\/td>\n<\/tr>\n<tr>\n<td style=\"width: 73.2249%;\">Fernet Stock Citrus<\/td>\n<td style=\"width: 14.645%;\">0.04 l<\/td>\n<td style=\"height: 24px; width: 13.6196%;\">49,-<\/td>\n<\/tr>\n<tr>\n<td style=\"width: 73.2249%;\">Becherovka, Lemond<\/td>\n<td style=\"width: 14.645%;\">0.04 l<\/td>\n<td style=\"height: 24px; width: 13.6196%;\">49,-<\/td>\n<\/tr>\n<tr>\n<td style=\"width: 73.2249%;\">J\u00e4germeister<\/td>\n<td style=\"width: 14.645%;\">0.04 l<\/td>\n<td style=\"height: 24px; width: 13.6196%;\">66,-<\/td>\n<\/tr>\n<tr>\n<td style=\"width: 73.2249%;\">LIQUORS<\/td>\n<td style=\"width: 14.645%;\"><\/td>\n<td style=\"height: 24px; width: 13.6196%;\"><\/td>\n<\/tr>\n<tr>\n<td style=\"width: 73.2249%;\">Bo\u017ekov Peppermint<\/td>\n<td style=\"width: 14.645%;\">0.04 L<\/td>\n<td style=\"height: 24px; width: 13.6196%;\">45,-<\/td>\n<\/tr>\n<tr>\n<td style=\"width: 73.2249%;\">Bo\u017ekov Griotte<\/td>\n<td style=\"width: 14.645%;\">0.04 l<\/td>\n<td style=\"height: 24px; width: 13.6196%;\">45,-<\/td>\n<\/tr>\n<tr>\n<td style=\"width: 73.2249%;\">Bo\u017ekov Egg liqueur<\/td>\n<td style=\"width: 14.645%;\">0.04 L<\/td>\n<td style=\"height: 24px; width: 13.6196%;\">45,-<\/td>\n<\/tr>\n<tr>\n<td style=\"width: 73.2249%;\">Berentzen apple<\/td>\n<td style=\"width: 14.645%;\">0.04 L<\/td>\n<td style=\"height: 24px; width: 13.6196%;\">45,-<\/td>\n<\/tr>\n<tr>\n<td style=\"width: 73.2249%;\">VODKA<\/td>\n<td style=\"width: 14.645%;\"><\/td>\n<td style=\"height: 24px; width: 13.6196%;\"><\/td>\n<\/tr>\n<tr>\n<td style=\"width: 73.2249%;\">Amundsen Vodka<\/td>\n<td style=\"width: 14.645%;\">0.04 l<\/td>\n<td style=\"height: 24px; width: 13.6196%;\">45,-<\/td>\n<\/tr>\n<tr>\n<td style=\"width: 73.2249%;\">Absolut Vodka<\/td>\n<td style=\"width: 14.645%;\">0.04 l<\/td>\n<td style=\"height: 24px; width: 13.6196%;\">59,-<\/td>\n<\/tr>\n<tr>\n<td style=\"width: 73.2249%;\">Finlandia Vodka<\/td>\n<td style=\"width: 14.645%;\">0.04 L<\/td>\n<td style=\"height: 24px; width: 13.6196%;\">55,-<\/td>\n<\/tr>\n<tr>\n<td style=\"width: 73.2249%;\">RUM \/ DOMESTIC \/ SPICED<\/td>\n<td style=\"width: 14.645%;\"><\/td>\n<td style=\"height: 24px; width: 13.6196%;\"><\/td>\n<\/tr>\n<tr>\n<td style=\"width: 73.2249%;\">Bo\u017ekov Original (domestic)<\/td>\n<td style=\"width: 14.645%;\">0.04 L<\/td>\n<td style=\"height: 24px; width: 13.6196%;\">45,-<\/td>\n<\/tr>\n<tr>\n<td style=\"width: 73.2249%;\">Captain Morgan Spiced<\/td>\n<td style=\"width: 14.645%;\">0.04 l<\/td>\n<td style=\"height: 24px; width: 13.6196%;\">66,-<\/td>\n<\/tr>\n<tr>\n<td style=\"width: 73.2249%;\">Bo\u017ekov Republica Exclusive<\/td>\n<td style=\"width: 14.645%;\">0.04 l<\/td>\n<td style=\"height: 24px; width: 13.6196%;\">66,-<\/td>\n<\/tr>\n<tr>\n<td style=\"width: 73.2249%;\">Pampero Aniversario<\/td>\n<td style=\"width: 14.645%;\">0.04 l<\/td>\n<td style=\"height: 24px; width: 13.6196%;\">119,-<\/td>\n<\/tr>\n<tr>\n<td style=\"width: 73.2249%;\">Ron Zacapa<\/td>\n<td style=\"width: 14.645%;\">0.04 l<\/td>\n<td style=\"height: 24px; width: 13.6196%;\">139,-<\/td>\n<\/tr>\n<tr>\n<td style=\"width: 73.2249%;\">Bacardi<\/td>\n<td style=\"width: 14.645%;\">0.04 L<\/td>\n<td style=\"height: 24px; width: 13.6196%;\">66,-<\/td>\n<\/tr>\n<tr>\n<td style=\"width: 73.2249%;\">OTHER DISTILLATES<\/td>\n<td style=\"width: 14.645%;\"><\/td>\n<td style=\"height: 24px; width: 13.6196%;\"><\/td>\n<\/tr>\n<tr>\n<td style=\"width: 73.2249%;\">Tequila Sombrero Negro<\/td>\n<td style=\"width: 14.645%;\">0.04 l<\/td>\n<td style=\"height: 24px; width: 13.6196%;\">69,-<\/td>\n<\/tr>\n<tr>\n<td style=\"width: 73.2249%;\">Golden Pear<\/td>\n<td style=\"width: 14.645%;\">0.04 L<\/td>\n<td style=\"height: 24px; width: 13.6196%;\">55,-<\/td>\n<\/tr>\n<tr>\n<td style=\"width: 73.2249%;\">Plum wine<\/td>\n<td style=\"width: 14.645%;\">0.04 L<\/td>\n<td style=\"height: 24px; width: 13.6196%;\">49,-<\/td>\n<\/tr>\n<tr>\n<td style=\"width: 73.2249%;\">Spi\u0161ka pine<\/td>\n<td style=\"width: 14.645%;\">0.04 L<\/td>\n<td style=\"height: 24px; width: 13.6196%;\">55,-<\/td>\n<\/tr>\n<tr>\n<td style=\"width: 73.2249%;\">Gordon&#8217;s London Dry Gin<\/td>\n<td style=\"width: 14.645%;\">0.04 l<\/td>\n<td style=\"height: 24px; width: 13.6196%;\">66,-<\/td>\n<\/tr>\n<tr>\n<td style=\"width: 73.2249%;\">Absinthe<\/td>\n<td style=\"width: 14.645%;\">0.04 l<\/td>\n<td style=\"height: 24px; width: 13.6196%;\">89,-<\/td>\n<\/tr>\n<tr>\n<td style=\"width: 73.2249%;\">BRANDY AND COGNAC<\/td>\n<td style=\"width: 14.645%;\"><\/td>\n<td style=\"height: 24px; width: 13.6196%;\"><\/td>\n<\/tr>\n<tr>\n<td style=\"width: 73.2249%;\">Old hunter<\/td>\n<td style=\"width: 14.645%;\">0.04 l<\/td>\n<td style=\"height: 24px; width: 13.6196%;\">49,-<\/td>\n<\/tr>\n<tr>\n<td style=\"width: 73.2249%;\">Metaxa *****<\/td>\n<td style=\"width: 14.645%;\">0.04 L<\/td>\n<td style=\"height: 24px; width: 13.6196%;\">66,-<\/td>\n<\/tr>\n<tr>\n<td style=\"width: 73.2249%;\">Hennessy<\/td>\n<td style=\"width: 14.645%;\">0.04 l<\/td>\n<td style=\"height: 24px; width: 13.6196%;\">119,-<\/td>\n<\/tr>\n<tr>\n<td style=\"width: 73.2249%;\">WHISKEY AND BOURBON<\/td>\n<td style=\"width: 14.645%;\"><\/td>\n<td style=\"height: 24px; width: 13.6196%;\"><\/td>\n<\/tr>\n<tr>\n<td style=\"width: 73.2249%;\">WHISKEY AND WHISKEY<\/td>\n<td style=\"width: 14.645%;\"><\/td>\n<td style=\"height: 24px; width: 13.6196%;\"><\/td>\n<\/tr>\n<tr>\n<td style=\"width: 73.2249%;\">Johnnie Walker Red Label<\/td>\n<td style=\"width: 14.645%;\">0.04 L<\/td>\n<td style=\"height: 24px; width: 13.6196%;\">69,-<\/td>\n<\/tr>\n<tr>\n<td style=\"width: 73.2249%;\">Chivas Regal 12 y.o.<\/td>\n<td style=\"width: 14.645%;\">0.04 l<\/td>\n<td style=\"height: 24px; width: 13.6196%;\">99,-<\/td>\n<\/tr>\n<tr>\n<td style=\"width: 73.2249%;\">Bushmills<\/td>\n<td style=\"width: 14.645%;\">0.04 l<\/td>\n<td style=\"height: 24px; width: 13.6196%;\">69,-<\/td>\n<\/tr>\n<tr>\n<td style=\"width: 73.2249%;\">Jameson<\/td>\n<td style=\"width: 14.645%;\">0.04 l<\/td>\n<td style=\"height: 24px; width: 13.6196%;\">69,-<\/td>\n<\/tr>\n<tr>\n<td style=\"width: 73.2249%;\">Tullamore Dew<\/td>\n<td style=\"width: 14.645%;\">0.04 l<\/td>\n<td style=\"height: 24px; width: 13.6196%;\">69,-<\/td>\n<\/tr>\n<tr>\n<td style=\"width: 73.2249%;\">BOURBON, WHISKEY<\/td>\n<td style=\"width: 14.645%;\"><\/td>\n<td style=\"height: 24px; width: 13.6196%;\"><\/td>\n<\/tr>\n<tr>\n<td style=\"width: 73.2249%;\">Jim Beam<\/td>\n<td style=\"width: 14.645%;\">0.04 l<\/td>\n<td style=\"height: 24px; width: 13.6196%;\">69,-<\/td>\n<\/tr>\n<tr>\n<td style=\"width: 73.2249%;\">Jack Daniel&#8217;s<\/td>\n<td style=\"width: 14.645%;\">0.04 l<\/td>\n<td style=\"height: 24px; width: 13.6196%;\">89,-<\/td>\n<\/tr>\n<tr>\n<td style=\"width: 73.2249%;\">BEER<\/td>\n<td style=\"width: 14.645%;\">0.3 L<\/td>\n<td style=\"height: 24px; width: 13.6196%;\"><\/td>\n<\/tr>\n<tr>\n<td style=\"width: 73.2249%;\">DRAG BEER<\/td>\n<td style=\"width: 14.645%;\">0.3 L<\/td>\n<td style=\"height: 24px; width: 13.6196%;\">0,5 l<\/td>\n<\/tr>\n<tr>\n<td style=\"width: 73.2249%;\">Gambrinus unpasteurized 11\u00b0<\/td>\n<td style=\"width: 14.645%;\">27,-<\/td>\n<td style=\"height: 24px; width: 13.6196%;\">49,-<\/td>\n<\/tr>\n<tr>\n<td style=\"width: 73.2249%;\">Goat 10\u00b0 dark<\/td>\n<td style=\"width: 14.645%;\">27,-<\/td>\n<td style=\"height: 24px; width: 13.6196%;\">49,-<\/td>\n<\/tr>\n<tr>\n<td style=\"width: 73.2249%;\">Pilsner Urquell<\/td>\n<td style=\"width: 14.645%;\">35,-<\/td>\n<td style=\"height: 24px; width: 13.6196%;\">64,-<\/td>\n<\/tr>\n<tr>\n<td style=\"width: 73.2249%;\">Birell Pomelo\/Grape<\/td>\n<td style=\"width: 14.645%;\">0.33 L<\/td>\n<td style=\"height: 24px; width: 13.6196%;\">55,-<\/td>\n<\/tr>\n<tr>\n<td style=\"width: 73.2249%;\">BEER<\/td>\n<td style=\"width: 14.645%;\"><\/td>\n<td style=\"height: 24px; width: 13.6196%;\"><\/td>\n<\/tr>\n<tr>\n<td style=\"width: 73.2249%;\">Birell, non-alcoholic<\/td>\n<td style=\"width: 14.645%;\">0.5 L<\/td>\n<td style=\"height: 24px; width: 13.6196%;\">44,-<\/td>\n<\/tr>\n<tr>\n<td style=\"width: 73.2249%;\">Kingswood Apple Cider<\/td>\n<td style=\"width: 14.645%;\">0.4 L<\/td>\n<td style=\"height: 24px; width: 13.6196%;\">52,-<\/td>\n<\/tr>\n<tr>\n<td style=\"width: 73.2249%;\">Frisco (cranberry, spritz)<\/td>\n<td style=\"width: 14.645%;\">0.33 l<\/td>\n<td style=\"height: 24px; width: 13.6196%;\">50,-<\/td>\n<\/tr>\n<tr>\n<td style=\"width: 73.2249%;\">TO TASTE<\/td>\n<td style=\"width: 14.645%;\"><\/td>\n<td style=\"height: 24px; width: 13.6196%;\"><\/td>\n<\/tr>\n<tr>\n<td style=\"width: 73.2249%;\">Peanuts<\/td>\n<td style=\"width: 14.645%;\">pc<\/td>\n<td style=\"height: 24px; width: 13.6196%;\">49,-<\/td>\n<\/tr>\n<tr>\n<td style=\"width: 73.2249%;\">Castle bars<\/td>\n<td style=\"width: 14.645%;\">pack.<\/td>\n<td style=\"height: 24px; width: 13.6196%;\">49,-<\/td>\n<\/tr>\n<tr>\n<td style=\"width: 73.2249%;\">Chips<\/td>\n<td style=\"width: 14.645%;\">pcs<\/td>\n<td style=\"height: 24px; width: 13.6196%;\">49,-<\/td>\n<\/tr>\n<tr>\n<td style=\"width: 73.2249%;\">Onion rings (spring onion)<\/td>\n<td style=\"width: 14.645%;\">pcs<\/td>\n<td style=\"height: 24px; width: 13.6196%;\">49,-<\/td>\n<\/tr>\n<tr>\n<td style=\"width: 73.2249%;\">WINE, SPARKLING<\/td>\n<td style=\"width: 14.645%;\"><\/td>\n<td style=\"height: 24px; width: 13.6196%;\"><\/td>\n<\/tr>\n<tr>\n<td style=\"width: 73.2249%;\">WINE<\/td>\n<td style=\"width: 14.645%;\"><\/td>\n<td style=\"height: 24px; width: 13.6196%;\"><\/td>\n<\/tr>\n<tr>\n<td style=\"width: 73.2249%;\">Green Veltliner<\/td>\n<td style=\"width: 14.645%;\">0.2 L<\/td>\n<td style=\"height: 24px; width: 13.6196%;\">58,-<\/td>\n<\/tr>\n<tr>\n<td style=\"width: 73.2249%;\">Chardonnay<\/td>\n<td style=\"width: 14.645%;\">0.2 l<\/td>\n<td style=\"height: 24px; width: 13.6196%;\">58,-<\/td>\n<\/tr>\n<tr>\n<td style=\"width: 73.2249%;\">Blue Portugal<\/td>\n<td style=\"width: 14.645%;\">0.2 l<\/td>\n<td style=\"height: 24px; width: 13.6196%;\">58,-<\/td>\n<\/tr>\n<tr>\n<td style=\"width: 73.2249%;\">Cabernet Sauvignon<\/td>\n<td style=\"width: 14.645%;\">0.2 l<\/td>\n<td style=\"height: 24px; width: 13.6196%;\">58,-<\/td>\n<\/tr>\n<tr>\n<td style=\"width: 73.2249%;\">Other wines according to the wine list<\/td>\n<td style=\"width: 14.645%;\"><\/td>\n<td style=\"height: 24px; width: 13.6196%;\"><\/td>\n<\/tr>\n<tr>\n<td style=\"width: 73.2249%;\">SEKT, SPARKLING WINE<\/td>\n<td style=\"width: 14.645%;\"><\/td>\n<td style=\"height: 24px; width: 13.6196%;\"><\/td>\n<\/tr>\n<tr>\n<td style=\"width: 73.2249%;\">Bohemia Demi Sec, Regia Brut<\/td>\n<td style=\"width: 14.645%;\">0.75 L<\/td>\n<td style=\"height: 24px; width: 13.6196%;\">299,-<\/td>\n<\/tr>\n<tr>\n<td style=\"width: 73.2249%;\">NON-ALCOHOLIC BEVERAGES<\/td>\n<td style=\"width: 14.645%;\"><\/td>\n<td style=\"height: 24px; width: 13.6196%;\"><\/td>\n<\/tr>\n<tr>\n<td style=\"width: 73.2249%;\">Rolled Raspberry<\/td>\n<td style=\"width: 14.645%;\">0.3 L<\/td>\n<td style=\"height: 24px; width: 13.6196%;\">30,-<\/td>\n<\/tr>\n<tr>\n<td style=\"width: 73.2249%;\">Rolled Raspberry<\/td>\n<td style=\"width: 14.645%;\">0.5 L<\/td>\n<td style=\"height: 24px; width: 13.6196%;\">49,-<\/td>\n<\/tr>\n<tr>\n<td style=\"width: 73.2249%;\">Soda<\/td>\n<td style=\"width: 14.645%;\">0.3 L<\/td>\n<td style=\"height: 24px; width: 13.6196%;\">33,-<\/td>\n<\/tr>\n<tr>\n<td style=\"width: 73.2249%;\">Bonaqua still<\/td>\n<td style=\"width: 14.645%;\">0.25 l<\/td>\n<td style=\"height: 24px; width: 13.6196%;\">39,-<\/td>\n<\/tr>\n<tr>\n<td style=\"width: 73.2249%;\">Tonic<\/td>\n<td style=\"width: 14.645%;\">0.25 L<\/td>\n<td style=\"height: 24px; width: 13.6196%;\">55,-<\/td>\n<\/tr>\n<tr>\n<td style=\"width: 73.2249%;\">Coca-Cola<\/td>\n<td style=\"width: 14.645%;\">0.3 L<\/td>\n<td style=\"height: 24px; width: 13.6196%;\">55,-<\/td>\n<\/tr>\n<tr>\n<td style=\"width: 73.2249%;\">Coca-Cola Zero<\/td>\n<td style=\"width: 14.645%;\">0.33 L<\/td>\n<td style=\"height: 24px; width: 13.6196%;\">55,-<\/td>\n<\/tr>\n<tr>\n<td style=\"width: 73.2249%;\">Fanta<\/td>\n<td style=\"width: 14.645%;\">0.3 L<\/td>\n<td style=\"height: 24px; width: 13.6196%;\">55,-<\/td>\n<\/tr>\n<tr>\n<td style=\"width: 73.2249%;\">Sprite<\/td>\n<td style=\"width: 14.645%;\">0.3 L<\/td>\n<td style=\"height: 24px; width: 13.6196%;\">55,-<\/td>\n<\/tr>\n<tr>\n<td style=\"width: 73.2249%;\">Orange juice<\/td>\n<td style=\"width: 14.645%;\">0.3 L<\/td>\n<td style=\"height: 24px; width: 13.6196%;\">55,-<\/td>\n<\/tr>\n<tr>\n<td style=\"width: 73.2249%;\">Red Bull<\/td>\n<td style=\"width: 14.645%;\">0.25 L<\/td>\n<td style=\"height: 24px; width: 13.6196%;\">65,-<\/td>\n<\/tr>\n<tr>\n<td style=\"width: 73.2249%;\">Monster<\/td>\n<td style=\"width: 14.645%;\">0.5 l<\/td>\n<td style=\"height: 24px; width: 13.6196%;\">70,-<\/td>\n<\/tr>\n<tr>\n<td style=\"width: 73.2249%;\">HOT BEVERAGES<\/td>\n<td style=\"width: 14.645%;\"><\/td>\n<td style=\"height: 24px; width: 13.6196%;\"><\/td>\n<\/tr>\n<tr>\n<td style=\"width: 73.2249%;\">Turkish Coffee<\/td>\n<td style=\"width: 14.645%;\"><\/td>\n<td style=\"height: 24px; width: 13.6196%;\">45,-<\/td>\n<\/tr>\n<tr>\n<td style=\"width: 73.2249%;\">Lavazza espresso coffee<\/td>\n<td style=\"width: 14.645%;\"><\/td>\n<td style=\"height: 24px; width: 13.6196%;\">49,-<\/td>\n<\/tr>\n<tr>\n<td style=\"width: 73.2249%;\">Cream<\/td>\n<td style=\"width: 14.645%;\"><\/td>\n<td style=\"height: 24px; width: 13.6196%;\">6,-<\/td>\n<\/tr>\n<tr>\n<td style=\"width: 73.2249%;\">Grog (4cl rum)<\/td>\n<td style=\"width: 14.645%;\"><\/td>\n<td style=\"height: 24px; width: 13.6196%;\">49,-<\/td>\n<\/tr>\n<tr>\n<td style=\"width: 73.2249%;\">Earl Gray Tea<\/td>\n<td style=\"width: 14.645%;\"><\/td>\n<td style=\"height: 24px; width: 13.6196%;\">45,-<\/td>\n<\/tr>\n<\/tbody>\n<\/table>\n<p>[\/et_pb_text][\/et_pb_column][\/et_pb_row][\/et_pb_section]<\/p>\n","protected":false},"excerpt":{"rendered":"<p>LIQUORS AND DISTILLATES HERBAL LIQUORS Fernet Stock Original 0.04 l 49,- Fernet Stock Citrus 0.04 l 49,- Becherovka, Lemond 0.04 l 49,- J\u00e4germeister 0.04 l 66,- LIQUORS Bo\u017ekov Peppermint 0.04 L 45,- Bo\u017ekov Griotte 0.04 l 45,- Bo\u017ekov Egg liqueur 0.04 L 45,- Berentzen apple 0.04 L 45,- VODKA Amundsen Vodka 0.04 l 45,- Absolut [&hellip;]<\/p>\n","protected":false},"author":1,"featured_media":0,"parent":0,"menu_order":0,"comment_status":"closed","ping_status":"closed","template":"","meta":{"_et_pb_use_builder":"on","_et_pb_old_content":"","_et_gb_content_width":"","footnotes":""},"class_list":["post-296","page","type-page","status-publish","hentry"],"_links":{"self":[{"href":"https:\/\/www.hostinecutemplare.cz\/en\/wp-json\/wp\/v2\/pages\/296","targetHints":{"allow":["GET"]}}],"collection":[{"href":"https:\/\/www.hostinecutemplare.cz\/en\/wp-json\/wp\/v2\/pages"}],"about":[{"href":"https:\/\/www.hostinecutemplare.cz\/en\/wp-json\/wp\/v2\/types\/page"}],"author":[{"embeddable":true,"href":"https:\/\/www.hostinecutemplare.cz\/en\/wp-json\/wp\/v2\/users\/1"}],"replies":[{"embeddable":true,"href":"https:\/\/www.hostinecutemplare.cz\/en\/wp-json\/wp\/v2\/comments?post=296"}],"version-history":[{"count":5,"href":"https:\/\/www.hostinecutemplare.cz\/en\/wp-json\/wp\/v2\/pages\/296\/revisions"}],"predecessor-version":[{"id":716,"href":"https:\/\/www.hostinecutemplare.cz\/en\/wp-json\/wp\/v2\/pages\/296\/revisions\/716"}],"wp:attachment":[{"href":"https:\/\/www.hostinecutemplare.cz\/en\/wp-json\/wp\/v2\/media?parent=296"}],"curies":[{"name":"wp","href":"https:\/\/api.w.org\/{rel}","templated":true}]}}