{"id":285,"date":"2023-01-04T10:11:33","date_gmt":"2023-01-04T09:11:33","guid":{"rendered":"https:\/\/www.hostinecutemplare.cz\/jidelni-listek\/"},"modified":"2025-06-23T10:55:01","modified_gmt":"2025-06-23T08:55:01","slug":"jidelni-listek","status":"publish","type":"page","link":"https:\/\/www.hostinecutemplare.cz\/it\/jidelni-listek\/","title":{"rendered":"j\u00eddeln\u00ed l\u00edstek"},"content":{"rendered":"<p>[et_pb_section fb_built=&#8221;1&#8243; _builder_version=&#8221;4.19.4&#8243; _module_preset=&#8221;default&#8221; background_color=&#8221;#000000&#8243; global_colors_info=&#8221;{}&#8221; theme_builder_area=&#8221;post_content&#8221;][et_pb_row _builder_version=&#8221;4.19.4&#8243; _module_preset=&#8221;default&#8221; global_colors_info=&#8221;{}&#8221; theme_builder_area=&#8221;post_content&#8221;][et_pb_column type=&#8221;4_4&#8243; _builder_version=&#8221;4.19.4&#8243; _module_preset=&#8221;default&#8221; global_colors_info=&#8221;{}&#8221; theme_builder_area=&#8221;post_content&#8221;][et_pb_text _builder_version=&#8221;4.27.4&#8243; _module_preset=&#8221;default&#8221; hover_enabled=&#8221;0&#8243; global_colors_info=&#8221;{}&#8221; theme_builder_area=&#8221;post_content&#8221; sticky_enabled=&#8221;0&#8243;]<\/p>\n<table width=\"800\" height=\"1207\" border=\"0\" cellpadding=\"10\" cellspacing=\"0\">\n<tbody>\n<tr style=\"height: 24px;\">\n<td width=\"60\" align=\"left\" ><\/td>\n<td width=\"61\" align=\"right\" ><\/td>\n<td width=\"493\" align=\"left\" >ANTIPASTI FREDDI<\/td>\n<td width=\"60\" align=\"right\" ><\/td>\n<\/tr>\n<tr style=\"height: 24px;\">\n<td width=\"60\" align=\"right\"  sdval=\"1\" sdnum=\"1033;\">1<\/td>\n<td align=\"right\" >130 g<\/td>\n<td align=\"left\" >Formaggio ermesino piccante sott&#8217;olio<\/td>\n<td align=\"right\"  >109,-<\/td>\n<\/tr>\n<tr style=\"height: 24px;\">\n<td width=\"60\" align=\"right\"  sdval=\"2\" sdnum=\"1033;\">2<\/td>\n<td align=\"right\" >100 g<\/td>\n<td align=\"left\" >Salsicce in salamoia con cipolla (1 pezzo \u2013 circa 150 g)<\/td>\n<td align=\"right\"  >49,-<\/td>\n<\/tr>\n<tr style=\"height: 48px;\">\n<td width=\"60\" align=\"right\"  sdval=\"3\" sdnum=\"1033;\">3<\/td>\n<td align=\"right\" >100 g<\/td>\n<td align=\"left\" >Misto di formaggi sott&#8217;olio (Bla\u0165\u00e1ck\u00e9 zlato, Tvar\u016f\u017eky, Gorgonzola, aglio, olive)<\/td>\n<td align=\"right\" >59,-<\/td>\n<\/tr>\n<tr style=\"height: 24px;\">\n<td width=\"60\" align=\"right\"  sdval=\"4\" sdnum=\"1033;\">4<\/td>\n<td align=\"right\" >150 g<\/td>\n<td align=\"left\" >Tartaro (con 6 fette di pane tostato)<\/td>\n<td align=\"right\"  >329,-<\/td>\n<\/tr>\n<tr style=\"height: 24px;\">\n<td width=\"60\" align=\"right\"  sdval=\"5\" sdnum=\"1033;\">5<\/td>\n<td align=\"right\" >1 pezzo<\/td>\n<td align=\"left\" >Pane<\/td>\n<td align=\"right\"  >5,-<\/td>\n<\/tr>\n<tr style=\"height: 48px;\">\n<td width=\"60\" align=\"left\" ><\/td>\n<td align=\"right\" ><\/td>\n<td align=\"left\" >PIATTI CALDI<\/td>\n<td align=\"right\" ><\/td>\n<\/tr>\n<tr style=\"height: 24px;\">\n<td width=\"60\" align=\"right\"  sdval=\"6\" sdnum=\"1033;\">6<\/td>\n<td align=\"right\" >140 g<\/td>\n<td align=\"left\" >Salsiccia alla griglia con peperoni, senape e rafano cremoso<\/td>\n<td align=\"right\"  >109,-<\/td>\n<\/tr>\n<tr style=\"height: 48px;\">\n<td width=\"60\" align=\"right\"  sdval=\"7\" sdnum=\"1033;\">7<\/td>\n<td align=\"right\" >130 g<\/td>\n<td align=\"left\" >Affumicato casereccio con senape, rafano cremoso e verdure sott&#8217;aceto<\/td>\n<td align=\"right\"  >109,-<\/td>\n<\/tr>\n<tr style=\"height: 24px;\">\n<td width=\"60\" align=\"right\"  sdval=\"8\" sdnum=\"1033;\">8<\/td>\n<td align=\"right\" >150 g<\/td>\n<td align=\"left\" >Gulasch di manzo servito nel pane croccante<\/td>\n<td align=\"right\"  >319,-<\/td>\n<\/tr>\n<tr style=\"height: 24px;\">\n<td width=\"60\" align=\"right\"  sdval=\"9\" sdnum=\"1033;\">9<\/td>\n<td align=\"right\" >150 g<\/td>\n<td align=\"left\" >Gulasch alla vecchia citt\u00e0 con canederli di pane<\/td>\n<td align=\"right\"  >279,-<\/td>\n<\/tr>\n<tr style=\"height: 48px;\">\n<td width=\"60\" align=\"right\"  sdval=\"10\" sdnum=\"1033;\">10<\/td>\n<td align=\"right\" >150 g<\/td>\n<td align=\"left\" >Filetto di manzo in salsa cremosa con mirtilli, canederli di pane e canederli alla Karlovy Vary<\/td>\n<td align=\"right\"  >299,-<\/td>\n<\/tr>\n<tr style=\"height: 48px;\">\n<td width=\"60\" align=\"right\"  sdval=\"11\" sdnum=\"1033;\">11<\/td>\n<td align=\"right\" >\u00bc<\/td>\n<td align=\"left\" >Anatra confit con cavolo rosso e mele, variazione di canederli caserecci<\/td>\n<td align=\"right\" >319,-<\/td>\n<\/tr>\n<tr style=\"height: 24px;\">\n<td width=\"60\" align=\"right\"  sdval=\"12\" sdnum=\"1033;\">12<\/td>\n<td align=\"right\" ><\/td>\n<td align=\"left\" >Canederli di patate fatti in casa ripieni di carne affumicata, serviti con crauti e cipolla fritta<\/td>\n<td align=\"right\"  >265,-<\/td>\n<\/tr>\n<tr style=\"height: 48px;\">\n<td width=\"60\" align=\"right\"  sdval=\"13\" sdnum=\"1033;\">13<\/td>\n<td align=\"right\" >800 g<\/td>\n<td align=\"left\" >Costine affumicate al miele, servite con verdure sott&#8217;aceto, senape e rafano cremoso<\/td>\n<td align=\"right\"  >327,-<\/td>\n<\/tr>\n<tr style=\"height: 48px;\">\n<td width=\"60\" align=\"right\"  sdval=\"14\" sdnum=\"1033;\">14<\/td>\n<td align=\"right\" >1400 g<\/td>\n<td align=\"left\" >Stinco di maiale al forno con birra scura, servito con verdure sott&#8217;aceto, senape e rafano cremoso<\/td>\n<td align=\"right\"  >399,-<\/td>\n<\/tr>\n<tr style=\"height: 24px;\">\n<td width=\"60\" align=\"right\"  sdval=\"15\" sdnum=\"1033;\">15<\/td>\n<td align=\"right\" ><\/td>\n<td align=\"left\" >Formaggio tradizionale ceco alla griglia, servito con mirtilli e patate fritte<\/td>\n<td align=\"right\"  >243,-<\/td>\n<\/tr>\n<tr style=\"height: 24px;\">\n<td width=\"60\" align=\"right\"  sdval=\"16\" sdnum=\"1033;\">16<\/td>\n<td align=\"right\" >150 g<\/td>\n<td align=\"left\" >Hamburger di manzo in panino con sesamo, con insalata iceberg, pomodori, cipolle rosse caramellate, patatine fritte e salsa BBQ<\/td>\n<td align=\"right\"  >279,-<\/td>\n<\/tr>\n<tr style=\"height: 24px;\">\n<td width=\"60\" align=\"right\"  sdval=\"17\" sdnum=\"1033;\">17<\/td>\n<td align=\"right\" >150 g<\/td>\n<td align=\"left\" >Cheeseburger di manzo, servito con patatine fritte, insalata fresca, formaggio cheddar, pomodori, cipolla e maionese<\/td>\n<td align=\"right\"  >289,-<\/td>\n<\/tr>\n<tr style=\"height: 24px;\">\n<td width=\"60\" align=\"right\"  sdval=\"18\" sdnum=\"1033;\">18<\/td>\n<td align=\"right\" >150 g<\/td>\n<td align=\"left\" >Hamburger con bacon americano, servito con patatine fritte, insalata, bacon grigliato, formaggio cheddar, pomodori, cipolla rossa e salsa americana<\/td>\n<td align=\"right\"  >299,-<\/td>\n<\/tr>\n<tr style=\"height: 24px;\">\n<td width=\"60\" align=\"right\"  sdval=\"19\" sdnum=\"1033;\">19<\/td>\n<td align=\"right\" >150 g<\/td>\n<td align=\"left\" >Chicken Burger, servito con Steak-Pommes, petto di pollo grigliato, insalata, pomodori, cipolle e maionese-Dip<\/td>\n<td align=\"right\"  >279,-<\/td>\n<\/tr>\n<\/tbody>\n<\/table>\n<p>[\/et_pb_text][\/et_pb_column][\/et_pb_row][\/et_pb_section]<\/p>\n","protected":false},"excerpt":{"rendered":"<p>ANTIPASTI FREDDI 1 130 g Formaggio ermesino piccante sott&#8217;olio 109,- 2 100 g Salsicce in salamoia con cipolla (1 pezzo \u2013 circa 150 g) 49,- 3 100 g Misto di formaggi sott&#8217;olio (Bla\u0165\u00e1ck\u00e9 zlato, Tvar\u016f\u017eky, Gorgonzola, aglio, olive) 59,- 4 150 g Tartaro (con 6 fette di pane tostato) 329,- 5 1 pezzo Pane 5,- [&hellip;]<\/p>\n","protected":false},"author":1,"featured_media":0,"parent":0,"menu_order":0,"comment_status":"closed","ping_status":"closed","template":"","meta":{"_et_pb_use_builder":"on","_et_pb_old_content":"","_et_gb_content_width":"","footnotes":""},"class_list":["post-285","page","type-page","status-publish","hentry"],"_links":{"self":[{"href":"https:\/\/www.hostinecutemplare.cz\/it\/wp-json\/wp\/v2\/pages\/285","targetHints":{"allow":["GET"]}}],"collection":[{"href":"https:\/\/www.hostinecutemplare.cz\/it\/wp-json\/wp\/v2\/pages"}],"about":[{"href":"https:\/\/www.hostinecutemplare.cz\/it\/wp-json\/wp\/v2\/types\/page"}],"author":[{"embeddable":true,"href":"https:\/\/www.hostinecutemplare.cz\/it\/wp-json\/wp\/v2\/users\/1"}],"replies":[{"embeddable":true,"href":"https:\/\/www.hostinecutemplare.cz\/it\/wp-json\/wp\/v2\/comments?post=285"}],"version-history":[{"count":5,"href":"https:\/\/www.hostinecutemplare.cz\/it\/wp-json\/wp\/v2\/pages\/285\/revisions"}],"predecessor-version":[{"id":707,"href":"https:\/\/www.hostinecutemplare.cz\/it\/wp-json\/wp\/v2\/pages\/285\/revisions\/707"}],"wp:attachment":[{"href":"https:\/\/www.hostinecutemplare.cz\/it\/wp-json\/wp\/v2\/media?parent=285"}],"curies":[{"name":"wp","href":"https:\/\/api.w.org\/{rel}","templated":true}]}}