{"id":304,"date":"2023-01-04T10:11:53","date_gmt":"2023-01-04T09:11:53","guid":{"rendered":"https:\/\/www.hostinecutemplare.cz\/vinny-listek\/"},"modified":"2023-02-03T14:47:00","modified_gmt":"2023-02-03T13:47:00","slug":"vinny-listek","status":"publish","type":"page","link":"https:\/\/www.hostinecutemplare.cz\/it\/vinny-listek\/","title":{"rendered":"vinn\u00fd l\u00edstek"},"content":{"rendered":"<p>[et_pb_section fb_built=&#8221;1&#8243; _builder_version=&#8221;4.19.4&#8243; _module_preset=&#8221;default&#8221; background_color=&#8221;#000000&#8243; global_colors_info=&#8221;{}&#8221; theme_builder_area=&#8221;post_content&#8221;][et_pb_row _builder_version=&#8221;4.19.4&#8243; _module_preset=&#8221;default&#8221; global_colors_info=&#8221;{}&#8221; theme_builder_area=&#8221;post_content&#8221;][et_pb_column type=&#8221;4_4&#8243; _builder_version=&#8221;4.19.4&#8243; _module_preset=&#8221;default&#8221; global_colors_info=&#8221;{}&#8221; theme_builder_area=&#8221;post_content&#8221;][et_pb_text _builder_version=&#8221;4.19.5&#8243; _module_preset=&#8221;default&#8221; hover_enabled=&#8221;0&#8243; global_colors_info=&#8221;{}&#8221; theme_builder_area=&#8221;post_content&#8221; sticky_enabled=&#8221;0&#8243;]<\/p>\n<table style=\"larghezza: 100%;\" width=\"100%\" cellspacing=\"2\" cellspadding=\"2\" border=\"0\">\n<corpo><\/p>\n<tr>\n<td style=\"larghezza: 87%;\" larghezza=\"87%\">\n<h2>VINO SPUMANTE<\/h2>\n<\/td>\n<td style=\"larghezza: 4%;\" larghezza=\"4%\">\n<div align=\"right\"><\/div>\n<\/td>\n<td style=\"larghezza: 9%;\" larghezza=\"9%\">\n<div align=\"right\"><\/div>\n<\/td>\n<\/tr>\n<tr>\n<td style=\"width: 87%;\">PROSECCO DOC, BIANCO VILLA CORNARO<\/td>\n<td style=\"width: 4%;\">\n<div align=\"right\">0,75l<\/div>\n<\/td>\n<td style=\"width: 9%;\">\n<div align=\"right\">345,-<\/div>\n<\/td>\n<\/tr>\n<tr>\n<td style=\"width: 87%;\"><\/td>\n<td style=\"width: 4%;\">\n<div align=\"right\"><\/div>\n<\/td>\n<td style=\"width: 9%;\">\n<div align=\"right\"><\/div>\n<\/td>\n<\/tr>\n<tr>\n<td style=\"width: 87%;\">\n<h2>DRILL WINE<\/h2>\n<\/td>\n<td style=\"width: 4%;\">\n<div align=\"right\"><\/div>\n<\/td>\n<td style=\"width: 9%;\">\n<div align=\"right\"><\/div>\n<\/td>\n<\/tr>\n<tr>\n<td style=\"width: 87%;\">Veltliner verde<\/td>\n<td style=\"width: 4%;\">0,2 l<\/td>\n<td style=\"width: 9%;\">47,-<\/td>\n<\/tr>\n<tr>\n<td style=\"width: 87%;\">Chardonnay<\/td>\n<td style=\"width: 4%;\">0,2 l<\/td>\n<td style=\"width: 9%;\">47,-<\/td>\n<\/tr>\n<tr>\n<td style=\"width: 87%;\">Blu Portogallo<\/td>\n<td style=\"width: 4%;\">0,2 l<\/td>\n<td style=\"width: 9%;\">47,-<\/td>\n<\/tr>\n<tr>\n<td style=\"width: 87%;\">Cabernet Sauvignon<\/td>\n<td style=\"width: 4%;\">0,2 l<\/td>\n<td style=\"width: 9%;\">47,-<\/td>\n<\/tr>\n<tr>\n<td style=\"width: 87%;\">\n<div align=\"right\"><\/div>\n<\/td>\n<td style=\"width: 4%;\">\n<div align=\"right\"><\/div>\n<\/td>\n<td style=\"width: 9%;\">\n<div align=\"right\"><\/div>\n<\/td>\n<\/tr>\n<tr>\n<td style=\"width: 87%;\">\n<h2>VINO BIANCO<\/h2>\n<\/td>\n<td style=\"width: 4%;\">\n<div align=\"right\"><\/div>\n<\/td>\n<td style=\"width: 9%;\">\n<div align=\"right\"><\/div>\n<\/td>\n<\/tr>\n<tr>\n<td style=\"width: 87%;\"><strong>CANTINA F. M\u00c1DL, V. B\u00cdLOVICE<\/strong><\/td>\n<td style=\"width: 4%;\">\n<div align=\"right\"><\/div>\n<\/td>\n<td style=\"width: 9%;\">\n<div align=\"right\"><\/div>\n<\/td>\n<\/tr>\n<tr>\n<td style=\"width: 87%;\">SAUVIGNON, TERRA SECCA<\/td>\n<td style=\"width: 4%;\">\n<div align=\"right\">0,75l<\/div>\n<\/td>\n<td style=\"width: 9%;\">\n<div align=\"right\">279,-<\/div>\n<\/td>\n<\/tr>\n<tr>\n<td style=\"width: 87%;\">Il colore del vino \u00e8 giallo chiaro. Il gusto \u00e8 mediamente pieno, spiccatamente fruttato. Profumo<br \/>\nfresco, fruttato.<\/td>\n<td style=\"width: 4%;\">\n<div align=\"right\"><\/div>\n<\/td>\n<td style=\"width: 9%;\">\n<div align=\"right\"><\/div>\n<\/td>\n<\/tr>\n<tr>\n<td style=\"width: 87%;\"><strong>CANTINA OMASTA<\/strong><\/td>\n<td style=\"width: 4%;\">\n<div align=\"right\"><\/div>\n<\/td>\n<td style=\"width: 9%;\">\n<div align=\"right\"><\/div>\n<\/td>\n<\/tr>\n<tr>\n<td style=\"width: 87%;\">RIESLING DEL RENO, VENDEMMIA TARDIVA SECCO<\/td>\n<td style=\"width: 4%;\">\n<div align=\"right\">0,75l<\/div>\n<\/td>\n<td style=\"width: 9%;\">\n<div align=\"right\">389,-<\/div>\n<\/td>\n<\/tr>\n<tr>\n<td style=\"width: 87%;\">Colore giallo dorato ricco e frizzante con riflessi verdolini del vino dopo l&#8217;aroma dei fiori<br \/>\nalberi di acacia.<\/td>\n<td style=\"width: 4%;\">\n<div align=\"right\"><\/div>\n<\/td>\n<td style=\"width: 9%;\">\n<div align=\"right\"><\/div>\n<\/td>\n<\/tr>\n<tr>\n<td style=\"width: 87%;\"><strong>CANTINA PRYTLUKA<\/strong><\/td>\n<td style=\"width: 4%;\">\n<div align=\"right\"><\/div>\n<\/td>\n<td style=\"width: 9%;\">\n<div align=\"right\"><\/div>\n<\/td>\n<\/tr>\n<tr>\n<td style=\"width: 87%;\">P\u00c1LAVA, TERRENO SEMIDOLCE<\/td>\n<td style=\"width: 4%;\">\n<div align=\"right\">0,75l<\/div>\n<\/td>\n<td style=\"width: 9%;\">\n<div align=\"right\">299,-<\/div>\n<\/td>\n<\/tr>\n<tr>\n<td style=\"width: 87%;\">Vino dal colore giallo dorato dal profumo tipico che ricorda la rosa tea, gli agrumi<br \/>\ncorteccia e litchi<\/td>\n<td style=\"width: 4%;\">\n<div align=\"right\"><\/div>\n<\/td>\n<td style=\"width: 9%;\">\n<div align=\"right\"><\/div>\n<\/td>\n<\/tr>\n<tr>\n<td style=\"width: 87%;\">PINOT GRIGIO DOC PIAVE TONON VENETO, ITALIA<\/td>\n<td style=\"width: 4%;\">\n<div align=\"right\">0,75l<\/div>\n<\/td>\n<td style=\"width: 9%;\">\n<div align=\"right\">349,-<\/div>\n<\/td>\n<\/tr>\n<tr>\n<td style=\"width: 87%;\">Colore chiaro con riflessi verdastri. Un profumo fresco con un tocco di mandorla.<\/td>\n<td style=\"width: 4%;\">\n<div align=\"right\"><\/div>\n<\/td>\n<td style=\"width: 9%;\">\n<div align=\"right\"><\/div>\n<\/td>\n<\/tr>\n<tr>\n<td style=\"width: 87%;\"><\/td>\n<td style=\"width: 4%;\">\n<div align=\"right\"><\/div>\n<\/td>\n<td style=\"width: 9%;\">\n<div align=\"right\"><\/div>\n<\/td>\n<\/tr>\n<tr>\n<td style=\"width: 87%;\">\n<h2>VINO ROSATO<\/h2>\n<\/td>\n<td style=\"width: 4%;\">\n<div align=\"right\"><\/div>\n<\/td>\n<td style=\"width: 9%;\">\n<div align=\"right\"><\/div>\n<\/td>\n<\/tr>\n<tr>\n<td style=\"width: 87%;\"><strong>CANTINA KONOPN\u00dd KOPEC, BLATNICE<\/strong><\/td>\n<td style=\"width: 4%;\">\n<div align=\"right\"><\/div>\n<\/td>\n<td style=\"width: 9%;\">\n<div align=\"right\"><\/div>\n<\/td>\n<\/tr>\n<tr>\n<td style=\"width: 87%;\">FRANKOVKA ROSA, TERRA SEMI-DRY<\/td>\n<td style=\"width: 4%;\">\n<div align=\"right\">0,75l<\/div>\n<\/td>\n<td style=\"width: 9%;\">\n<div align=\"right\">269,-<\/div>\n<\/td>\n<\/tr>\n<tr>\n<td style=\"width: 87%;\">Il colore del vino \u00e8 rosa tenue con sentore di lampone, il profumo \u00e8 fruttato dopo fresco<br \/>\nfragole.<\/td>\n<td style=\"width: 4%;\">\n<div align=\"right\"><\/div>\n<\/td>\n<td style=\"width: 9%;\">\n<div align=\"right\"><\/div>\n<\/td>\n<\/tr>\n<tr>\n<td style=\"width: 87%;\"><\/td>\n<td style=\"width: 4%;\">\n<div align=\"right\"><\/div>\n<\/td>\n<td style=\"width: 9%;\">\n<div align=\"giustot\"><\/div>\n<\/td>\n<\/tr>\n<tr>\n<td style=\"width: 87%;\">\n<h2>VINO ROSSO<\/h2>\n<\/td>\n<td style=\"width: 4%;\">\n<div align=\"right\"><\/div>\n<\/td>\n<td style=\"width: 9%;\">\n<div align=\"right\"><\/div>\n<\/td>\n<\/tr>\n<tr>\n<td style=\"width: 87%;\"><strong>CANTINA F. M\u00c1DL, V. B\u00cdLOVICE<\/strong><\/td>\n<td style=\"width: 4%;\">\n<div align=\"right\"><\/div>\n<\/td>\n<td style=\"width: 9%;\">\n<div align=\"right\"><\/div>\n<\/td>\n<\/tr>\n<tr>\n<td style=\"width: 87%;\">ZWEIGELTREBE , TERRA SECCA<\/td>\n<td style=\"width: 4%;\">\n<div align=\"right\">0,75l<\/div>\n<\/td>\n<td style=\"width: 9%;\">\n<div align=\"right\">269,-<\/div>\n<\/td>\n<\/tr>\n<tr>\n<td style=\"width: 87%;\">Vino rosso leggero finemente strutturato. La prugna matura domina l&#8217;aroma<br \/>\ne amarena.<\/td>\n<td style=\"width: 4%;\">\n<div align=\"right\"><\/div>\n<\/td>\n<td style=\"width: 9%;\">\n<div align=\"right\"><\/div>\n<\/td>\n<\/tr>\n<tr>\n<td style=\"width: 87%;\"><strong>MORAV\u00cdNO VALTICE<\/strong><\/td>\n<td style=\"width: 4%;\">\n<div align=\"right\"><\/div>\n<\/td>\n<td style=\"width: 9%;\">\n<div align=\"right\"><\/div>\n<\/td>\n<\/tr>\n<tr>\n<td style=\"width: 87%;\">FRANK, VENDEMMIA TARDIVA SECCA<\/td>\n<td style=\"width: 4%;\">\n<div align=\"right\">0,75l<\/div>\n<\/td>\n<td style=\"width: 9%;\">\n<div align=\"right\">429,-<\/div>\n<\/td>\n<\/tr>\n<tr>\n<td style=\"width: 87%;\">Vino dal colore rosso intenso. Aromi di fiori secchi e cannella. gusto cioccolato<br \/>\ncaff\u00e8 e dolci<\/td>\n<td style=\"width: 4%;\">\n<div align=\"right\"><\/div>\n<\/td>\n<td style=\"width: 9%;\">\n<div align=\"right\"><\/div>\n<\/td>\n<\/tr>\n<tr>\n<td style=\"width: 87%;\">spezie.<\/td>\n<td style=\"width: 4%;\">\n<div align=\"right\"><\/div>\n<\/td>\n<td style=\"width: 9%;\">\n<div align=\"right\"><\/div>\n<\/td>\n<\/tr>\n<tr>\n<td style=\"width: 87%;\">PRIMITIVO BOCCA DELLA VERITA, PUGLIA, ITALIA, SECCO<\/td>\n<td style=\"width: 4%;\">\n<div align=\"right\">0,75l<\/div>\n<\/td>\n<td style=\"width: 9%;\">\n<div align=\"right\">429,-<\/div>\n<\/td>\n<\/tr>\n<tr>\n<td style=\"width: 87%;\">Il vino \u00e8 di colore rosso scuro con sfumature violacee. Aroma intenso di nero<br \/>\nfrutti di bosco con sottili note floreali.<\/td>\n<td style=\"width: 4%;\">\n<div align=\"right\"><\/div>\n<\/td>\n<td style=\"width: 9%;\">\n<div align=\"right\"><\/div>\n<\/td>\n<\/tr>\n<\/tbody>\n<\/table>\n<p>[\/et_pb_text][\/et_pb_column][\/et_pb_row][\/et_pb_section]<\/p>\n","protected":false},"excerpt":{"rendered":"<p>VINO SPUMANTE PROSECCO DOC, BIANCO VILLA CORNARO 0,75l 345,- DRILL WINE Veltliner verde 0,2 l 47,- Chardonnay 0,2 l 47,- Blu Portogallo 0,2 l 47,- Cabernet Sauvignon 0,2 l 47,- VINO BIANCO CANTINA F. M\u00c1DL, V. B\u00cdLOVICE SAUVIGNON, TERRA SECCA 0,75l 279,- Il colore del vino \u00e8 giallo chiaro. Il gusto \u00e8 mediamente pieno, spiccatamente [&hellip;]<\/p>\n","protected":false},"author":1,"featured_media":0,"parent":0,"menu_order":0,"comment_status":"closed","ping_status":"closed","template":"","meta":{"_et_pb_use_builder":"on","_et_pb_old_content":"","_et_gb_content_width":"","footnotes":""},"class_list":["post-304","page","type-page","status-publish","hentry"],"_links":{"self":[{"href":"https:\/\/www.hostinecutemplare.cz\/it\/wp-json\/wp\/v2\/pages\/304","targetHints":{"allow":["GET"]}}],"collection":[{"href":"https:\/\/www.hostinecutemplare.cz\/it\/wp-json\/wp\/v2\/pages"}],"about":[{"href":"https:\/\/www.hostinecutemplare.cz\/it\/wp-json\/wp\/v2\/types\/page"}],"author":[{"embeddable":true,"href":"https:\/\/www.hostinecutemplare.cz\/it\/wp-json\/wp\/v2\/users\/1"}],"replies":[{"embeddable":true,"href":"https:\/\/www.hostinecutemplare.cz\/it\/wp-json\/wp\/v2\/comments?post=304"}],"version-history":[{"count":3,"href":"https:\/\/www.hostinecutemplare.cz\/it\/wp-json\/wp\/v2\/pages\/304\/revisions"}],"predecessor-version":[{"id":675,"href":"https:\/\/www.hostinecutemplare.cz\/it\/wp-json\/wp\/v2\/pages\/304\/revisions\/675"}],"wp:attachment":[{"href":"https:\/\/www.hostinecutemplare.cz\/it\/wp-json\/wp\/v2\/media?parent=304"}],"curies":[{"name":"wp","href":"https:\/\/api.w.org\/{rel}","templated":true}]}}